{"id":9494,"date":"2017-09-14T19:02:42","date_gmt":"2017-09-14T17:02:42","guid":{"rendered":"https:\/\/www.etab-daniel.org\/supportus\/participer\/"},"modified":"2023-07-29T13:54:17","modified_gmt":"2023-07-29T11:54:17","slug":"engage","status":"publish","type":"page","link":"https:\/\/www.etab-daniel.org\/en\/supportus\/engage\/","title":{"rendered":"Engage"},"content":{"rendered":"<h2>Our projects<\/h2>\n<p>Here is an overview of our projects :<\/p>\n<ul>\n<li style=\"list-style-type: none;\">\n<ul>Major renovation work on three sheds to extend the elementary school buildings. This will enable us to meet the needs of the growing school.<\/ul>\n<\/li>\n<\/ul>\n<p><img decoding=\"async\" src=\"https:\/\/www.etab-daniel.org\/wp-inside\/uploads\/2023\/04\/capture-decran-2023-04-11-232534-500x256.jpg\" class=\"size-medium aligncenter\" \/><\/p>\n<p>&nbsp;<\/p>\n<ul>\n<li style=\"list-style-type: none;\">\n<ul>Renovation of the kindergarten playground (need for new tables and benches, and a new storage for equipment and toys).<\/ul>\n<\/li>\n<\/ul>\n<p><img decoding=\"async\" src=\"https:\/\/www.etab-daniel.org\/wp-inside\/uploads\/2023\/04\/img_4303-500x392.jpg\" class=\"size-medium aligncenter\" \/> <img decoding=\"async\" src=\"https:\/\/www.etab-daniel.org\/wp-inside\/uploads\/2023\/04\/img_4306-500x375.jpg\" class=\"size-medium aligncenter\" \/><\/p>\n<p>&nbsp;<\/p>\n<p><span style=\"font-size: 1rem;\">You can find out more by browsing project pages or <\/span><a style=\"font-size: 1rem; background-color: #ffffff;\" href=\"https:\/\/www.etab-daniel.org\/contact\/\">contacting us<\/a><span style=\"font-size: 1rem;\">.<\/span><\/p>\n<p>&nbsp;<\/p>\n<p><span style=\"color: #2f3083; font-family: 'Roboto Slab', Helvetica, sans-serif; font-size: 1.5625rem; font-weight: bold;\">Work and maintenance<\/span><\/p>\n<p>We need regular help with maintenance, renovations and green spaces. Any help would be most welcome !<\/p>\n<p><img decoding=\"async\" src=\"https:\/\/www.etab-daniel.org\/wp-inside\/uploads\/2021\/11\/photo-2021-07-20-17-21-50-500x225.jpg\" class=\"aligncenter size-medium\" \/><\/p>\n<p>&nbsp;<\/p>\n<ul class=\"list-plus\">\n<li>Are you interested in serving the Lord through Christian mission ?<\/li>\n<li>Are you skilled in a technical field such as electricity, heating or maintenance ?<\/li>\n<li>Are you available ?<\/li>\n<\/ul>\n<p>If you also have good interpersonal and adaptability skills, then don&#8217;t hesitate to \u00a0<a href=\"https:\/\/www.etab-daniel.org\/contact\/\" target=\"_blank\" rel=\"noopener\">contact us<\/a> ! We&#8217;d be delighted to discuss the possibilities of working in our school with you, and to discuss the terms of your commitment.<\/p>\n<div data-canvas-width=\"417.3799999999998\">We are looking for someone who :<\/div>\n<ul>\n<li data-canvas-width=\"417.3799999999998\">is engaged in faith and in a local church<\/li>\n<li data-canvas-width=\"554.28\">agrees with the school&#8217;s vision, missioin and project.<\/li>\n<\/ul>\n<h2>Host families<\/h2>\n<p>Since the beginning, our school has welcomed students almost every year. Students who live too far from the school to come every day. To enable them to receive a Christian education, families have opened their doors to welcome them for one or more nights a week, and we would like to take this opportunity to thank them once again.<\/p>\n<p>However, more and more of these young people are asking to be enrolled.<\/p>\n<p>So we&#8217;re looking for families with spare rooms who would be willing to take them in.<\/p>\n<p>If you are interested, please <a href=\"https:\/\/www.etab-daniel.org\/contact\/\">contact us<\/a>, we&#8217;ll be happy to discuss the possibilities with you.<\/p>\n","protected":false},"excerpt":{"rendered":"<p>Our projects Here is an overview of our projects : Major renovation work on three sheds to extend the elementary school buildings. This will enable us to meet the needs [&hellip;]<\/p>\n","protected":false},"author":2,"featured_media":0,"parent":9478,"menu_order":25,"comment_status":"closed","ping_status":"closed","template":"tpl-soutien.php","meta":{"_acf_changed":false,"footnotes":""},"class_list":["post-9494","page","type-page","status-publish","hentry","wp-sticky"],"acf":[],"yoast_head":"<!-- This site is optimized with the Yoast SEO plugin v26.9 - https:\/\/yoast.com\/product\/yoast-seo-wordpress\/ -->\n<title>Engage<\/title>\n<meta name=\"robots\" content=\"index, follow, max-snippet:-1, max-image-preview:large, max-video-preview:-1\" \/>\n<link rel=\"canonical\" href=\"https:\/\/www.etab-daniel.org\/en\/supportus\/engage\/\" \/>\n<meta property=\"og:locale\" content=\"en_US\" \/>\n<meta property=\"og:type\" content=\"article\" \/>\n<meta property=\"og:title\" content=\"Engage\" \/>\n<meta property=\"og:description\" content=\"Our projects Here is an overview of our projects : Major renovation work on three sheds to extend the elementary school buildings. This will enable us to meet the needs [&hellip;]\" \/>\n<meta property=\"og:url\" content=\"https:\/\/www.etab-daniel.org\/en\/supportus\/engage\/\" \/>\n<meta property=\"og:site_name\" content=\"\u00c9tablissement Scolaire Priv\u00e9 Daniel\" \/>\n<meta property=\"article:publisher\" content=\"https:\/\/www.facebook.com\/ESP.Daniel\/\" \/>\n<meta property=\"article:modified_time\" content=\"2023-07-29T11:54:17+00:00\" \/>\n<meta property=\"og:image\" content=\"https:\/\/www.etab-daniel.org\/wp-inside\/uploads\/2023\/04\/capture-decran-2023-04-11-232534-500x256.jpg\" \/>\n<meta name=\"twitter:card\" content=\"summary_large_image\" \/>\n<meta name=\"twitter:label1\" content=\"Est. reading time\" \/>\n\t<meta name=\"twitter:data1\" content=\"2 minutes\" \/>\n<script type=\"application\/ld+json\" class=\"yoast-schema-graph\">{\"@context\":\"https:\/\/schema.org\",\"@graph\":[{\"@type\":\"WebPage\",\"@id\":\"https:\/\/www.etab-daniel.org\/en\/supportus\/engage\/\",\"url\":\"https:\/\/www.etab-daniel.org\/en\/supportus\/engage\/\",\"name\":\"Engage\",\"isPartOf\":{\"@id\":\"https:\/\/www.etab-daniel.org\/en\/#website\"},\"primaryImageOfPage\":{\"@id\":\"https:\/\/www.etab-daniel.org\/en\/supportus\/engage\/#primaryimage\"},\"image\":{\"@id\":\"https:\/\/www.etab-daniel.org\/en\/supportus\/engage\/#primaryimage\"},\"thumbnailUrl\":\"https:\/\/www.etab-daniel.org\/wp-inside\/uploads\/2023\/04\/capture-decran-2023-04-11-232534-500x256.jpg\",\"datePublished\":\"2017-09-14T17:02:42+00:00\",\"dateModified\":\"2023-07-29T11:54:17+00:00\",\"breadcrumb\":{\"@id\":\"https:\/\/www.etab-daniel.org\/en\/supportus\/engage\/#breadcrumb\"},\"inLanguage\":\"en-US\",\"potentialAction\":[{\"@type\":\"ReadAction\",\"target\":[\"https:\/\/www.etab-daniel.org\/en\/supportus\/engage\/\"]}]},{\"@type\":\"ImageObject\",\"inLanguage\":\"en-US\",\"@id\":\"https:\/\/www.etab-daniel.org\/en\/supportus\/engage\/#primaryimage\",\"url\":\"https:\/\/www.etab-daniel.org\/wp-inside\/uploads\/2023\/04\/capture-decran-2023-04-11-232534-500x256.jpg\",\"contentUrl\":\"https:\/\/www.etab-daniel.org\/wp-inside\/uploads\/2023\/04\/capture-decran-2023-04-11-232534-500x256.jpg\"},{\"@type\":\"BreadcrumbList\",\"@id\":\"https:\/\/www.etab-daniel.org\/en\/supportus\/engage\/#breadcrumb\",\"itemListElement\":[{\"@type\":\"ListItem\",\"position\":1,\"name\":\"Accueil\",\"item\":\"https:\/\/www.etab-daniel.org\/en\/\"},{\"@type\":\"ListItem\",\"position\":2,\"name\":\"Support Us\",\"item\":\"https:\/\/www.etab-daniel.org\/en\/supportus\/\"},{\"@type\":\"ListItem\",\"position\":3,\"name\":\"Engage\"}]},{\"@type\":\"WebSite\",\"@id\":\"https:\/\/www.etab-daniel.org\/en\/#website\",\"url\":\"https:\/\/www.etab-daniel.org\/en\/\",\"name\":\"\u00c9tablissement Scolaire Priv\u00e9 Daniel\",\"description\":\"\u00c9cole, coll\u00e8ge et lyc\u00e9e priv\u00e9s\",\"publisher\":{\"@id\":\"https:\/\/www.etab-daniel.org\/en\/#organization\"},\"alternateName\":\"ESP Daniel\",\"potentialAction\":[{\"@type\":\"SearchAction\",\"target\":{\"@type\":\"EntryPoint\",\"urlTemplate\":\"https:\/\/www.etab-daniel.org\/en\/?s={search_term_string}\"},\"query-input\":{\"@type\":\"PropertyValueSpecification\",\"valueRequired\":true,\"valueName\":\"search_term_string\"}}],\"inLanguage\":\"en-US\"},{\"@type\":\"Organization\",\"@id\":\"https:\/\/www.etab-daniel.org\/en\/#organization\",\"name\":\"\u00c9tablissement Scolaire Priv\u00e9 Daniel\",\"url\":\"https:\/\/www.etab-daniel.org\/en\/\",\"logo\":{\"@type\":\"ImageObject\",\"inLanguage\":\"en-US\",\"@id\":\"https:\/\/www.etab-daniel.org\/en\/#\/schema\/logo\/image\/\",\"url\":\"https:\/\/www.etab-daniel.org\/wp-inside\/uploads\/2017\/12\/logo-etb-daniel.png\",\"contentUrl\":\"https:\/\/www.etab-daniel.org\/wp-inside\/uploads\/2017\/12\/logo-etb-daniel.png\",\"width\":476,\"height\":120,\"caption\":\"\u00c9tablissement Scolaire Priv\u00e9 Daniel\"},\"image\":{\"@id\":\"https:\/\/www.etab-daniel.org\/en\/#\/schema\/logo\/image\/\"},\"sameAs\":[\"https:\/\/www.facebook.com\/ESP.Daniel\/\",\"https:\/\/www.instagram.com\/etablissement_daniel\/\"]}]}<\/script>\n<!-- \/ Yoast SEO plugin. -->","yoast_head_json":{"title":"Engage","robots":{"index":"index","follow":"follow","max-snippet":"max-snippet:-1","max-image-preview":"max-image-preview:large","max-video-preview":"max-video-preview:-1"},"canonical":"https:\/\/www.etab-daniel.org\/en\/supportus\/engage\/","og_locale":"en_US","og_type":"article","og_title":"Engage","og_description":"Our projects Here is an overview of our projects : Major renovation work on three sheds to extend the elementary school buildings. This will enable us to meet the needs [&hellip;]","og_url":"https:\/\/www.etab-daniel.org\/en\/supportus\/engage\/","og_site_name":"\u00c9tablissement Scolaire Priv\u00e9 Daniel","article_publisher":"https:\/\/www.facebook.com\/ESP.Daniel\/","article_modified_time":"2023-07-29T11:54:17+00:00","og_image":[{"url":"https:\/\/www.etab-daniel.org\/wp-inside\/uploads\/2023\/04\/capture-decran-2023-04-11-232534-500x256.jpg","type":"","width":"","height":""}],"twitter_card":"summary_large_image","twitter_misc":{"Est. reading time":"2 minutes"},"schema":{"@context":"https:\/\/schema.org","@graph":[{"@type":"WebPage","@id":"https:\/\/www.etab-daniel.org\/en\/supportus\/engage\/","url":"https:\/\/www.etab-daniel.org\/en\/supportus\/engage\/","name":"Engage","isPartOf":{"@id":"https:\/\/www.etab-daniel.org\/en\/#website"},"primaryImageOfPage":{"@id":"https:\/\/www.etab-daniel.org\/en\/supportus\/engage\/#primaryimage"},"image":{"@id":"https:\/\/www.etab-daniel.org\/en\/supportus\/engage\/#primaryimage"},"thumbnailUrl":"https:\/\/www.etab-daniel.org\/wp-inside\/uploads\/2023\/04\/capture-decran-2023-04-11-232534-500x256.jpg","datePublished":"2017-09-14T17:02:42+00:00","dateModified":"2023-07-29T11:54:17+00:00","breadcrumb":{"@id":"https:\/\/www.etab-daniel.org\/en\/supportus\/engage\/#breadcrumb"},"inLanguage":"en-US","potentialAction":[{"@type":"ReadAction","target":["https:\/\/www.etab-daniel.org\/en\/supportus\/engage\/"]}]},{"@type":"ImageObject","inLanguage":"en-US","@id":"https:\/\/www.etab-daniel.org\/en\/supportus\/engage\/#primaryimage","url":"https:\/\/www.etab-daniel.org\/wp-inside\/uploads\/2023\/04\/capture-decran-2023-04-11-232534-500x256.jpg","contentUrl":"https:\/\/www.etab-daniel.org\/wp-inside\/uploads\/2023\/04\/capture-decran-2023-04-11-232534-500x256.jpg"},{"@type":"BreadcrumbList","@id":"https:\/\/www.etab-daniel.org\/en\/supportus\/engage\/#breadcrumb","itemListElement":[{"@type":"ListItem","position":1,"name":"Accueil","item":"https:\/\/www.etab-daniel.org\/en\/"},{"@type":"ListItem","position":2,"name":"Support Us","item":"https:\/\/www.etab-daniel.org\/en\/supportus\/"},{"@type":"ListItem","position":3,"name":"Engage"}]},{"@type":"WebSite","@id":"https:\/\/www.etab-daniel.org\/en\/#website","url":"https:\/\/www.etab-daniel.org\/en\/","name":"\u00c9tablissement Scolaire Priv\u00e9 Daniel","description":"\u00c9cole, coll\u00e8ge et lyc\u00e9e priv\u00e9s","publisher":{"@id":"https:\/\/www.etab-daniel.org\/en\/#organization"},"alternateName":"ESP Daniel","potentialAction":[{"@type":"SearchAction","target":{"@type":"EntryPoint","urlTemplate":"https:\/\/www.etab-daniel.org\/en\/?s={search_term_string}"},"query-input":{"@type":"PropertyValueSpecification","valueRequired":true,"valueName":"search_term_string"}}],"inLanguage":"en-US"},{"@type":"Organization","@id":"https:\/\/www.etab-daniel.org\/en\/#organization","name":"\u00c9tablissement Scolaire Priv\u00e9 Daniel","url":"https:\/\/www.etab-daniel.org\/en\/","logo":{"@type":"ImageObject","inLanguage":"en-US","@id":"https:\/\/www.etab-daniel.org\/en\/#\/schema\/logo\/image\/","url":"https:\/\/www.etab-daniel.org\/wp-inside\/uploads\/2017\/12\/logo-etb-daniel.png","contentUrl":"https:\/\/www.etab-daniel.org\/wp-inside\/uploads\/2017\/12\/logo-etb-daniel.png","width":476,"height":120,"caption":"\u00c9tablissement Scolaire Priv\u00e9 Daniel"},"image":{"@id":"https:\/\/www.etab-daniel.org\/en\/#\/schema\/logo\/image\/"},"sameAs":["https:\/\/www.facebook.com\/ESP.Daniel\/","https:\/\/www.instagram.com\/etablissement_daniel\/"]}]}},"_links":{"self":[{"href":"https:\/\/www.etab-daniel.org\/en\/wp-json\/wp\/v2\/pages\/9494","targetHints":{"allow":["GET"]}}],"collection":[{"href":"https:\/\/www.etab-daniel.org\/en\/wp-json\/wp\/v2\/pages"}],"about":[{"href":"https:\/\/www.etab-daniel.org\/en\/wp-json\/wp\/v2\/types\/page"}],"author":[{"embeddable":true,"href":"https:\/\/www.etab-daniel.org\/en\/wp-json\/wp\/v2\/users\/2"}],"replies":[{"embeddable":true,"href":"https:\/\/www.etab-daniel.org\/en\/wp-json\/wp\/v2\/comments?post=9494"}],"version-history":[{"count":2,"href":"https:\/\/www.etab-daniel.org\/en\/wp-json\/wp\/v2\/pages\/9494\/revisions"}],"predecessor-version":[{"id":9496,"href":"https:\/\/www.etab-daniel.org\/en\/wp-json\/wp\/v2\/pages\/9494\/revisions\/9496"}],"up":[{"embeddable":true,"href":"https:\/\/www.etab-daniel.org\/en\/wp-json\/wp\/v2\/pages\/9478"}],"wp:attachment":[{"href":"https:\/\/www.etab-daniel.org\/en\/wp-json\/wp\/v2\/media?parent=9494"}],"curies":[{"name":"wp","href":"https:\/\/api.w.org\/{rel}","templated":true}]}}