{"id":9491,"date":"2017-09-14T19:01:57","date_gmt":"2017-09-14T17:01:57","guid":{"rendered":"https:\/\/www.etab-daniel.org\/supportus\/sujets-prieres\/"},"modified":"2023-07-29T13:17:14","modified_gmt":"2023-07-29T11:17:14","slug":"prayerrequests","status":"publish","type":"page","link":"https:\/\/www.etab-daniel.org\/en\/supportus\/prayerrequests\/","title":{"rendered":"Prayer requests"},"content":{"rendered":"<p>We believe that prayer unblocks situations where God&#8217;s intervention is needed.<\/p>\n<p>We believe that each of us can contribute to this work by praying.<\/p>\n<p>Here are a few prayer topics to guide you:<\/p>\n<ul class=\"list-plus\">\n<li>students<\/li>\n<li>teachers<\/li>\n<li>staff<\/li>\n<li>committee members<\/li>\n<li>people who supports us<\/li>\n<li>renovations<\/li>\n<li>projects<\/li>\n<li>etc\u2026<\/li>\n<\/ul>\n","protected":false},"excerpt":{"rendered":"<p>We believe that prayer unblocks situations where God&#8217;s intervention is needed. We believe that each of us can contribute to this work by praying. Here are a few prayer topics [&hellip;]<\/p>\n","protected":false},"author":2,"featured_media":0,"parent":9478,"menu_order":20,"comment_status":"closed","ping_status":"closed","template":"tpl-soutien.php","meta":{"_acf_changed":false,"footnotes":""},"class_list":["post-9491","page","type-page","status-publish","hentry","wp-sticky"],"acf":[],"yoast_head":"<!-- This site is optimized with the Yoast SEO plugin v26.9 - https:\/\/yoast.com\/product\/yoast-seo-wordpress\/ -->\n<title>Prayer requests<\/title>\n<meta name=\"robots\" content=\"index, follow, max-snippet:-1, max-image-preview:large, max-video-preview:-1\" \/>\n<link rel=\"canonical\" href=\"https:\/\/www.etab-daniel.org\/en\/supportus\/prayerrequests\/\" \/>\n<meta property=\"og:locale\" content=\"en_US\" \/>\n<meta property=\"og:type\" content=\"article\" \/>\n<meta property=\"og:title\" content=\"Prayer requests\" \/>\n<meta property=\"og:description\" content=\"We believe that prayer unblocks situations where God&#8217;s intervention is needed. We believe that each of us can contribute to this work by praying. Here are a few prayer topics [&hellip;]\" \/>\n<meta property=\"og:url\" content=\"https:\/\/www.etab-daniel.org\/en\/supportus\/prayerrequests\/\" \/>\n<meta property=\"og:site_name\" content=\"\u00c9tablissement Scolaire Priv\u00e9 Daniel\" \/>\n<meta property=\"article:publisher\" content=\"https:\/\/www.facebook.com\/ESP.Daniel\/\" \/>\n<meta property=\"article:modified_time\" content=\"2023-07-29T11:17:14+00:00\" \/>\n<meta property=\"og:image\" content=\"https:\/\/www.etab-daniel.org\/wp-inside\/uploads\/2023\/03\/esp-daniel.jpg\" \/>\n\t<meta property=\"og:image:width\" content=\"1200\" \/>\n\t<meta property=\"og:image:height\" content=\"675\" \/>\n\t<meta property=\"og:image:type\" content=\"image\/jpeg\" \/>\n<meta name=\"twitter:card\" content=\"summary_large_image\" \/>\n<script type=\"application\/ld+json\" class=\"yoast-schema-graph\">{\"@context\":\"https:\/\/schema.org\",\"@graph\":[{\"@type\":\"WebPage\",\"@id\":\"https:\/\/www.etab-daniel.org\/en\/supportus\/prayerrequests\/\",\"url\":\"https:\/\/www.etab-daniel.org\/en\/supportus\/prayerrequests\/\",\"name\":\"Prayer requests\",\"isPartOf\":{\"@id\":\"https:\/\/www.etab-daniel.org\/en\/#website\"},\"datePublished\":\"2017-09-14T17:01:57+00:00\",\"dateModified\":\"2023-07-29T11:17:14+00:00\",\"breadcrumb\":{\"@id\":\"https:\/\/www.etab-daniel.org\/en\/supportus\/prayerrequests\/#breadcrumb\"},\"inLanguage\":\"en-US\",\"potentialAction\":[{\"@type\":\"ReadAction\",\"target\":[\"https:\/\/www.etab-daniel.org\/en\/supportus\/prayerrequests\/\"]}]},{\"@type\":\"BreadcrumbList\",\"@id\":\"https:\/\/www.etab-daniel.org\/en\/supportus\/prayerrequests\/#breadcrumb\",\"itemListElement\":[{\"@type\":\"ListItem\",\"position\":1,\"name\":\"Accueil\",\"item\":\"https:\/\/www.etab-daniel.org\/en\/\"},{\"@type\":\"ListItem\",\"position\":2,\"name\":\"Support Us\",\"item\":\"https:\/\/www.etab-daniel.org\/en\/supportus\/\"},{\"@type\":\"ListItem\",\"position\":3,\"name\":\"Prayer requests\"}]},{\"@type\":\"WebSite\",\"@id\":\"https:\/\/www.etab-daniel.org\/en\/#website\",\"url\":\"https:\/\/www.etab-daniel.org\/en\/\",\"name\":\"\u00c9tablissement Scolaire Priv\u00e9 Daniel\",\"description\":\"\u00c9cole, coll\u00e8ge et lyc\u00e9e priv\u00e9s\",\"publisher\":{\"@id\":\"https:\/\/www.etab-daniel.org\/en\/#organization\"},\"alternateName\":\"ESP Daniel\",\"potentialAction\":[{\"@type\":\"SearchAction\",\"target\":{\"@type\":\"EntryPoint\",\"urlTemplate\":\"https:\/\/www.etab-daniel.org\/en\/?s={search_term_string}\"},\"query-input\":{\"@type\":\"PropertyValueSpecification\",\"valueRequired\":true,\"valueName\":\"search_term_string\"}}],\"inLanguage\":\"en-US\"},{\"@type\":\"Organization\",\"@id\":\"https:\/\/www.etab-daniel.org\/en\/#organization\",\"name\":\"\u00c9tablissement Scolaire Priv\u00e9 Daniel\",\"url\":\"https:\/\/www.etab-daniel.org\/en\/\",\"logo\":{\"@type\":\"ImageObject\",\"inLanguage\":\"en-US\",\"@id\":\"https:\/\/www.etab-daniel.org\/en\/#\/schema\/logo\/image\/\",\"url\":\"https:\/\/www.etab-daniel.org\/wp-inside\/uploads\/2017\/12\/logo-etb-daniel.png\",\"contentUrl\":\"https:\/\/www.etab-daniel.org\/wp-inside\/uploads\/2017\/12\/logo-etb-daniel.png\",\"width\":476,\"height\":120,\"caption\":\"\u00c9tablissement Scolaire Priv\u00e9 Daniel\"},\"image\":{\"@id\":\"https:\/\/www.etab-daniel.org\/en\/#\/schema\/logo\/image\/\"},\"sameAs\":[\"https:\/\/www.facebook.com\/ESP.Daniel\/\",\"https:\/\/www.instagram.com\/etablissement_daniel\/\"]}]}<\/script>\n<!-- \/ Yoast SEO plugin. -->","yoast_head_json":{"title":"Prayer requests","robots":{"index":"index","follow":"follow","max-snippet":"max-snippet:-1","max-image-preview":"max-image-preview:large","max-video-preview":"max-video-preview:-1"},"canonical":"https:\/\/www.etab-daniel.org\/en\/supportus\/prayerrequests\/","og_locale":"en_US","og_type":"article","og_title":"Prayer requests","og_description":"We believe that prayer unblocks situations where God&#8217;s intervention is needed. We believe that each of us can contribute to this work by praying. Here are a few prayer topics [&hellip;]","og_url":"https:\/\/www.etab-daniel.org\/en\/supportus\/prayerrequests\/","og_site_name":"\u00c9tablissement Scolaire Priv\u00e9 Daniel","article_publisher":"https:\/\/www.facebook.com\/ESP.Daniel\/","article_modified_time":"2023-07-29T11:17:14+00:00","og_image":[{"width":1200,"height":675,"url":"https:\/\/www.etab-daniel.org\/wp-inside\/uploads\/2023\/03\/esp-daniel.jpg","type":"image\/jpeg"}],"twitter_card":"summary_large_image","schema":{"@context":"https:\/\/schema.org","@graph":[{"@type":"WebPage","@id":"https:\/\/www.etab-daniel.org\/en\/supportus\/prayerrequests\/","url":"https:\/\/www.etab-daniel.org\/en\/supportus\/prayerrequests\/","name":"Prayer requests","isPartOf":{"@id":"https:\/\/www.etab-daniel.org\/en\/#website"},"datePublished":"2017-09-14T17:01:57+00:00","dateModified":"2023-07-29T11:17:14+00:00","breadcrumb":{"@id":"https:\/\/www.etab-daniel.org\/en\/supportus\/prayerrequests\/#breadcrumb"},"inLanguage":"en-US","potentialAction":[{"@type":"ReadAction","target":["https:\/\/www.etab-daniel.org\/en\/supportus\/prayerrequests\/"]}]},{"@type":"BreadcrumbList","@id":"https:\/\/www.etab-daniel.org\/en\/supportus\/prayerrequests\/#breadcrumb","itemListElement":[{"@type":"ListItem","position":1,"name":"Accueil","item":"https:\/\/www.etab-daniel.org\/en\/"},{"@type":"ListItem","position":2,"name":"Support Us","item":"https:\/\/www.etab-daniel.org\/en\/supportus\/"},{"@type":"ListItem","position":3,"name":"Prayer requests"}]},{"@type":"WebSite","@id":"https:\/\/www.etab-daniel.org\/en\/#website","url":"https:\/\/www.etab-daniel.org\/en\/","name":"\u00c9tablissement Scolaire Priv\u00e9 Daniel","description":"\u00c9cole, coll\u00e8ge et lyc\u00e9e priv\u00e9s","publisher":{"@id":"https:\/\/www.etab-daniel.org\/en\/#organization"},"alternateName":"ESP Daniel","potentialAction":[{"@type":"SearchAction","target":{"@type":"EntryPoint","urlTemplate":"https:\/\/www.etab-daniel.org\/en\/?s={search_term_string}"},"query-input":{"@type":"PropertyValueSpecification","valueRequired":true,"valueName":"search_term_string"}}],"inLanguage":"en-US"},{"@type":"Organization","@id":"https:\/\/www.etab-daniel.org\/en\/#organization","name":"\u00c9tablissement Scolaire Priv\u00e9 Daniel","url":"https:\/\/www.etab-daniel.org\/en\/","logo":{"@type":"ImageObject","inLanguage":"en-US","@id":"https:\/\/www.etab-daniel.org\/en\/#\/schema\/logo\/image\/","url":"https:\/\/www.etab-daniel.org\/wp-inside\/uploads\/2017\/12\/logo-etb-daniel.png","contentUrl":"https:\/\/www.etab-daniel.org\/wp-inside\/uploads\/2017\/12\/logo-etb-daniel.png","width":476,"height":120,"caption":"\u00c9tablissement Scolaire Priv\u00e9 Daniel"},"image":{"@id":"https:\/\/www.etab-daniel.org\/en\/#\/schema\/logo\/image\/"},"sameAs":["https:\/\/www.facebook.com\/ESP.Daniel\/","https:\/\/www.instagram.com\/etablissement_daniel\/"]}]}},"_links":{"self":[{"href":"https:\/\/www.etab-daniel.org\/en\/wp-json\/wp\/v2\/pages\/9491","targetHints":{"allow":["GET"]}}],"collection":[{"href":"https:\/\/www.etab-daniel.org\/en\/wp-json\/wp\/v2\/pages"}],"about":[{"href":"https:\/\/www.etab-daniel.org\/en\/wp-json\/wp\/v2\/types\/page"}],"author":[{"embeddable":true,"href":"https:\/\/www.etab-daniel.org\/en\/wp-json\/wp\/v2\/users\/2"}],"replies":[{"embeddable":true,"href":"https:\/\/www.etab-daniel.org\/en\/wp-json\/wp\/v2\/comments?post=9491"}],"version-history":[{"count":2,"href":"https:\/\/www.etab-daniel.org\/en\/wp-json\/wp\/v2\/pages\/9491\/revisions"}],"predecessor-version":[{"id":9493,"href":"https:\/\/www.etab-daniel.org\/en\/wp-json\/wp\/v2\/pages\/9491\/revisions\/9493"}],"up":[{"embeddable":true,"href":"https:\/\/www.etab-daniel.org\/en\/wp-json\/wp\/v2\/pages\/9478"}],"wp:attachment":[{"href":"https:\/\/www.etab-daniel.org\/en\/wp-json\/wp\/v2\/media?parent=9491"}],"curies":[{"name":"wp","href":"https:\/\/api.w.org\/{rel}","templated":true}]}}