{"id":9481,"date":"2017-09-14T18:59:21","date_gmt":"2017-09-14T16:59:21","guid":{"rendered":"https:\/\/www.etab-daniel.org\/supportus\/faire-un-don\/"},"modified":"2025-06-17T22:21:06","modified_gmt":"2025-06-17T20:21:06","slug":"donate","status":"publish","type":"page","link":"https:\/\/www.etab-daniel.org\/en\/supportus\/donate\/","title":{"rendered":"Donate"},"content":{"rendered":"<h2>INVESTING in education means being concerned about TOMORROW<\/h2>\n<p>The school operates not only on a tuition basis, but also thanks to the commitment of many volunteers and donations. Please support us in this mission with your donations. We have many short-term projects.<\/p>\n<h2 id=\"ed-donateform\">Make a donation by credit card<\/h2>\n<div style=\"display: flex; flex-direction: column; align-items: flex-start;\">\n<div style=\"min-height: 600px; width: 100%; max-width: 425px;\"><script src=\"https:\/\/donorbox.org\/widget.js\" type=\"text\/javascript\"><\/script><iframe src=\"https:\/\/donorbox.org\/embed\/dons-pour-l-etablissement-daniel\" width=\"100%\" style=\"max-width:500px; min-width:310px;\" seamless=\"seamless\" id=\"dbox-form-embed\" name=\"donorbox\" frameborder=\"0\" scrolling=\"no\" allowpaymentrequest><\/iframe><\/div>\n<div><\/div>\n<\/div>\n<h2>Make a donation by bank transfer<\/h2>\n<p>You can make your donations by bank transfer to the Association&#8217;s special account. Here are the bank details:<\/p>\n<h4 style=\"padding-left: 40px;\">IBAN<\/h4>\n<pre class=\"fz-20\" style=\"font-size: 20px; padding-left: 40px;\"><strong>FR76 1027 8033 0000 0305 3594 761<\/strong><\/pre>\n<p>&nbsp;<\/p>\n<h4 style=\"padding-left: 40px;\">BIC<\/h4>\n<pre class=\"fz-20\" style=\"font-size: 20px; padding-left: 40px;\"><strong>CMCIFR2A<\/strong><\/pre>\n<p>&nbsp;<\/p>\n<p>Thank you for your <strong>donation<\/strong>, your <a href=\"https:\/\/www.etab-daniel.org\/nous-soutenir\/sujets-prieres\/\"><strong>prayers<\/strong> <\/a>and your <strong>support<\/strong> !<\/p>\n<h2>INCOME TAX REDUCTIONS (private individuals)<\/h2>\n<p>You benefit from a tax reduction equal to 60% of the amount of your donations, up to a limit of 20% of taxable income. Examples:<\/p>\n<ul>\n<li>Donation of <strong>100 \u20ac<\/strong> =&gt; tax reduction of <strong>60 \u20ac<\/strong><\/li>\n<li>Donation of <strong>500 \u20ac<\/strong> =&gt; tax reduction of <strong>300 \u20ac<\/strong><\/li>\n<li>Donation of <strong>1500 \u20ac<\/strong> =&gt; tax reduction of <strong>900 \u20ac<\/strong><\/li>\n<\/ul>\n<h2>CORPORATE SPONSORSHIP<\/h2>\n<p>Since 2003, companies have benefited from a tax reduction of 60% of donations made for open financial years, up to a limit of 5\u00b0\/\u00b0\u00b0 (five per thousand) of sales.<\/p>\n<p>In addition, the fraction of payments exceeding this limit may give rise to a tax reduction for the following 5 years.<\/p>\n<p>&nbsp;<\/p>\n<p><a href=\"https:\/\/www.etab-daniel.org\/wp-inside\/uploads\/2022\/05\/investir-dans-leducation-cest-se-preoccuper-de-demain-.pdf\">Investing in education means caring about tomorrow<\/a><\/p>\n<p>&nbsp;<\/p>\n","protected":false},"excerpt":{"rendered":"<p>INVESTING in education means being concerned about TOMORROW The school operates not only on a tuition basis, but also thanks to the commitment of many volunteers and donations. Please support [&hellip;]<\/p>\n","protected":false},"author":2,"featured_media":0,"parent":9478,"menu_order":5,"comment_status":"closed","ping_status":"closed","template":"tpl-soutien.php","meta":{"_acf_changed":false,"footnotes":""},"class_list":["post-9481","page","type-page","status-publish","hentry","wp-sticky"],"acf":[],"yoast_head":"<!-- This site is optimized with the Yoast SEO plugin v26.9 - https:\/\/yoast.com\/product\/yoast-seo-wordpress\/ -->\n<title>Donate<\/title>\n<meta name=\"robots\" content=\"index, follow, max-snippet:-1, max-image-preview:large, max-video-preview:-1\" \/>\n<link rel=\"canonical\" href=\"https:\/\/www.etab-daniel.org\/en\/supportus\/donate\/\" \/>\n<meta property=\"og:locale\" content=\"en_US\" \/>\n<meta property=\"og:type\" content=\"article\" \/>\n<meta property=\"og:title\" content=\"Donate\" \/>\n<meta property=\"og:description\" content=\"INVESTING in education means being concerned about TOMORROW The school operates not only on a tuition basis, but also thanks to the commitment of many volunteers and donations. Please support [&hellip;]\" \/>\n<meta property=\"og:url\" content=\"https:\/\/www.etab-daniel.org\/en\/supportus\/donate\/\" \/>\n<meta property=\"og:site_name\" content=\"\u00c9tablissement Scolaire Priv\u00e9 Daniel\" \/>\n<meta property=\"article:publisher\" content=\"https:\/\/www.facebook.com\/ESP.Daniel\/\" \/>\n<meta property=\"article:modified_time\" content=\"2025-06-17T20:21:06+00:00\" \/>\n<meta property=\"og:image\" content=\"https:\/\/www.etab-daniel.org\/wp-inside\/uploads\/2023\/03\/esp-daniel.jpg\" \/>\n\t<meta property=\"og:image:width\" content=\"1200\" \/>\n\t<meta property=\"og:image:height\" content=\"675\" \/>\n\t<meta property=\"og:image:type\" content=\"image\/jpeg\" \/>\n<meta name=\"twitter:card\" content=\"summary_large_image\" \/>\n<meta name=\"twitter:label1\" content=\"Est. reading time\" \/>\n\t<meta name=\"twitter:data1\" content=\"2 minutes\" \/>\n<script type=\"application\/ld+json\" class=\"yoast-schema-graph\">{\"@context\":\"https:\/\/schema.org\",\"@graph\":[{\"@type\":\"WebPage\",\"@id\":\"https:\/\/www.etab-daniel.org\/en\/supportus\/donate\/\",\"url\":\"https:\/\/www.etab-daniel.org\/en\/supportus\/donate\/\",\"name\":\"Donate\",\"isPartOf\":{\"@id\":\"https:\/\/www.etab-daniel.org\/en\/#website\"},\"datePublished\":\"2017-09-14T16:59:21+00:00\",\"dateModified\":\"2025-06-17T20:21:06+00:00\",\"breadcrumb\":{\"@id\":\"https:\/\/www.etab-daniel.org\/en\/supportus\/donate\/#breadcrumb\"},\"inLanguage\":\"en-US\",\"potentialAction\":[{\"@type\":\"ReadAction\",\"target\":[\"https:\/\/www.etab-daniel.org\/en\/supportus\/donate\/\"]}]},{\"@type\":\"BreadcrumbList\",\"@id\":\"https:\/\/www.etab-daniel.org\/en\/supportus\/donate\/#breadcrumb\",\"itemListElement\":[{\"@type\":\"ListItem\",\"position\":1,\"name\":\"Accueil\",\"item\":\"https:\/\/www.etab-daniel.org\/en\/\"},{\"@type\":\"ListItem\",\"position\":2,\"name\":\"Support Us\",\"item\":\"https:\/\/www.etab-daniel.org\/en\/supportus\/\"},{\"@type\":\"ListItem\",\"position\":3,\"name\":\"Donate\"}]},{\"@type\":\"WebSite\",\"@id\":\"https:\/\/www.etab-daniel.org\/en\/#website\",\"url\":\"https:\/\/www.etab-daniel.org\/en\/\",\"name\":\"\u00c9tablissement Scolaire Priv\u00e9 Daniel\",\"description\":\"\u00c9cole, coll\u00e8ge et lyc\u00e9e priv\u00e9s\",\"publisher\":{\"@id\":\"https:\/\/www.etab-daniel.org\/en\/#organization\"},\"alternateName\":\"ESP Daniel\",\"potentialAction\":[{\"@type\":\"SearchAction\",\"target\":{\"@type\":\"EntryPoint\",\"urlTemplate\":\"https:\/\/www.etab-daniel.org\/en\/?s={search_term_string}\"},\"query-input\":{\"@type\":\"PropertyValueSpecification\",\"valueRequired\":true,\"valueName\":\"search_term_string\"}}],\"inLanguage\":\"en-US\"},{\"@type\":\"Organization\",\"@id\":\"https:\/\/www.etab-daniel.org\/en\/#organization\",\"name\":\"\u00c9tablissement Scolaire Priv\u00e9 Daniel\",\"url\":\"https:\/\/www.etab-daniel.org\/en\/\",\"logo\":{\"@type\":\"ImageObject\",\"inLanguage\":\"en-US\",\"@id\":\"https:\/\/www.etab-daniel.org\/en\/#\/schema\/logo\/image\/\",\"url\":\"https:\/\/www.etab-daniel.org\/wp-inside\/uploads\/2017\/12\/logo-etb-daniel.png\",\"contentUrl\":\"https:\/\/www.etab-daniel.org\/wp-inside\/uploads\/2017\/12\/logo-etb-daniel.png\",\"width\":476,\"height\":120,\"caption\":\"\u00c9tablissement Scolaire Priv\u00e9 Daniel\"},\"image\":{\"@id\":\"https:\/\/www.etab-daniel.org\/en\/#\/schema\/logo\/image\/\"},\"sameAs\":[\"https:\/\/www.facebook.com\/ESP.Daniel\/\",\"https:\/\/www.instagram.com\/etablissement_daniel\/\"]}]}<\/script>\n<!-- \/ Yoast SEO plugin. -->","yoast_head_json":{"title":"Donate","robots":{"index":"index","follow":"follow","max-snippet":"max-snippet:-1","max-image-preview":"max-image-preview:large","max-video-preview":"max-video-preview:-1"},"canonical":"https:\/\/www.etab-daniel.org\/en\/supportus\/donate\/","og_locale":"en_US","og_type":"article","og_title":"Donate","og_description":"INVESTING in education means being concerned about TOMORROW The school operates not only on a tuition basis, but also thanks to the commitment of many volunteers and donations. Please support [&hellip;]","og_url":"https:\/\/www.etab-daniel.org\/en\/supportus\/donate\/","og_site_name":"\u00c9tablissement Scolaire Priv\u00e9 Daniel","article_publisher":"https:\/\/www.facebook.com\/ESP.Daniel\/","article_modified_time":"2025-06-17T20:21:06+00:00","og_image":[{"width":1200,"height":675,"url":"https:\/\/www.etab-daniel.org\/wp-inside\/uploads\/2023\/03\/esp-daniel.jpg","type":"image\/jpeg"}],"twitter_card":"summary_large_image","twitter_misc":{"Est. reading time":"2 minutes"},"schema":{"@context":"https:\/\/schema.org","@graph":[{"@type":"WebPage","@id":"https:\/\/www.etab-daniel.org\/en\/supportus\/donate\/","url":"https:\/\/www.etab-daniel.org\/en\/supportus\/donate\/","name":"Donate","isPartOf":{"@id":"https:\/\/www.etab-daniel.org\/en\/#website"},"datePublished":"2017-09-14T16:59:21+00:00","dateModified":"2025-06-17T20:21:06+00:00","breadcrumb":{"@id":"https:\/\/www.etab-daniel.org\/en\/supportus\/donate\/#breadcrumb"},"inLanguage":"en-US","potentialAction":[{"@type":"ReadAction","target":["https:\/\/www.etab-daniel.org\/en\/supportus\/donate\/"]}]},{"@type":"BreadcrumbList","@id":"https:\/\/www.etab-daniel.org\/en\/supportus\/donate\/#breadcrumb","itemListElement":[{"@type":"ListItem","position":1,"name":"Accueil","item":"https:\/\/www.etab-daniel.org\/en\/"},{"@type":"ListItem","position":2,"name":"Support Us","item":"https:\/\/www.etab-daniel.org\/en\/supportus\/"},{"@type":"ListItem","position":3,"name":"Donate"}]},{"@type":"WebSite","@id":"https:\/\/www.etab-daniel.org\/en\/#website","url":"https:\/\/www.etab-daniel.org\/en\/","name":"\u00c9tablissement Scolaire Priv\u00e9 Daniel","description":"\u00c9cole, coll\u00e8ge et lyc\u00e9e priv\u00e9s","publisher":{"@id":"https:\/\/www.etab-daniel.org\/en\/#organization"},"alternateName":"ESP Daniel","potentialAction":[{"@type":"SearchAction","target":{"@type":"EntryPoint","urlTemplate":"https:\/\/www.etab-daniel.org\/en\/?s={search_term_string}"},"query-input":{"@type":"PropertyValueSpecification","valueRequired":true,"valueName":"search_term_string"}}],"inLanguage":"en-US"},{"@type":"Organization","@id":"https:\/\/www.etab-daniel.org\/en\/#organization","name":"\u00c9tablissement Scolaire Priv\u00e9 Daniel","url":"https:\/\/www.etab-daniel.org\/en\/","logo":{"@type":"ImageObject","inLanguage":"en-US","@id":"https:\/\/www.etab-daniel.org\/en\/#\/schema\/logo\/image\/","url":"https:\/\/www.etab-daniel.org\/wp-inside\/uploads\/2017\/12\/logo-etb-daniel.png","contentUrl":"https:\/\/www.etab-daniel.org\/wp-inside\/uploads\/2017\/12\/logo-etb-daniel.png","width":476,"height":120,"caption":"\u00c9tablissement Scolaire Priv\u00e9 Daniel"},"image":{"@id":"https:\/\/www.etab-daniel.org\/en\/#\/schema\/logo\/image\/"},"sameAs":["https:\/\/www.facebook.com\/ESP.Daniel\/","https:\/\/www.instagram.com\/etablissement_daniel\/"]}]}},"_links":{"self":[{"href":"https:\/\/www.etab-daniel.org\/en\/wp-json\/wp\/v2\/pages\/9481","targetHints":{"allow":["GET"]}}],"collection":[{"href":"https:\/\/www.etab-daniel.org\/en\/wp-json\/wp\/v2\/pages"}],"about":[{"href":"https:\/\/www.etab-daniel.org\/en\/wp-json\/wp\/v2\/types\/page"}],"author":[{"embeddable":true,"href":"https:\/\/www.etab-daniel.org\/en\/wp-json\/wp\/v2\/users\/2"}],"replies":[{"embeddable":true,"href":"https:\/\/www.etab-daniel.org\/en\/wp-json\/wp\/v2\/comments?post=9481"}],"version-history":[{"count":9,"href":"https:\/\/www.etab-daniel.org\/en\/wp-json\/wp\/v2\/pages\/9481\/revisions"}],"predecessor-version":[{"id":12110,"href":"https:\/\/www.etab-daniel.org\/en\/wp-json\/wp\/v2\/pages\/9481\/revisions\/12110"}],"up":[{"embeddable":true,"href":"https:\/\/www.etab-daniel.org\/en\/wp-json\/wp\/v2\/pages\/9478"}],"wp:attachment":[{"href":"https:\/\/www.etab-daniel.org\/en\/wp-json\/wp\/v2\/media?parent=9481"}],"curies":[{"name":"wp","href":"https:\/\/api.w.org\/{rel}","templated":true}]}}