{"id":8509,"date":"2017-09-14T18:47:29","date_gmt":"2017-09-14T16:47:29","guid":{"rendered":"https:\/\/www.etab-daniel.org\/etablissement\/lycee\/"},"modified":"2026-02-16T20:13:07","modified_gmt":"2026-02-16T19:13:07","slug":"highschool","status":"publish","type":"page","link":"https:\/\/www.etab-daniel.org\/en\/academics\/highschool\/","title":{"rendered":"High School"},"content":{"rendered":"<div class=\"lycee-intro section-intro\">\n<div class=\"row\">\n<div class=\"medium-10 medium-centered large-10 xlarge-10 columns\">\n<div class=\"wysiwyg-content\">\n<p class=\"lead\"><strong>Lyc\u00e9e Daniel<\/strong> has been offering an excellent education from Sophomore to Senior year since 2010. Our vision is clear: <strong>&#8220;to train disciples of Jesus Christ, grounded in their Christian identity, so that they become competent, proactive, and responsible&#8221;<\/strong>.<\/p>\n<p>With a <strong>100% success rate on the baccalaureate since 2021<\/strong> and approximately 80% of honors (including a majority of High Honors and Highest Honors), Lyc\u00e9e Daniel combines academic excellence and spiritual development in a caring environment.<\/p>\n<\/div>\n<div class=\"button-group align-center\" style=\"margin: 2rem 0;\"><a class=\"button\" href=\"https:\/\/www.etab-daniel.org\/en\/contact\/\">Contact Us<\/a> <a class=\"button\" title=\"Enroll at Lyc\u00e9e Daniel\" href=\"https:\/\/www.etab-daniel.org\/admissions\/\">Apply Now<\/a><\/div>\n<\/div>\n<\/div>\n<\/div>\n<div class=\"lycee-offre bg-lightblue\" style=\"padding: 3rem 0; margin: 2rem 0;\">\n<div class=\"row\">\n<div class=\"medium-10 medium-centered large-10 xlarge-10 columns\">\n<h2 class=\"text-center\">What the High School Offers<\/h2>\n<div class=\"wysiwyg-content\">\n<ul class=\"no-bullet\">\n<li><strong>Enrich your faith<\/strong> through biblical culture, worship moments, and church services<\/li>\n<li><strong>Deepen your relationship with God<\/strong>, discover your gifts and put them at the service of others<\/li>\n<li><strong>An opening to the world<\/strong> with international trips (USA, Germany&#8230;)<\/li>\n<li><strong>An &#8220;old-fashioned&#8221; baccalaureate<\/strong>, with exams at the end of Junior and Senior years, highly valued by prestigious universities<\/li>\n<li><strong>An international baccalaureate<\/strong> in partnership with Academica International Studies (2, 3, or 4-year programs) alongside the French baccalaureate<\/li>\n<li><strong>Immersion days<\/strong> in higher education programs through our partnership with Projet NoriaIRL<\/li>\n<li><strong>Close-knit groups<\/strong>, lasting friendships, and memorable moments (camping, hiking&#8230;)<\/li>\n<li><strong>Small class sizes<\/strong> ensuring personalized support and quality teaching<\/li>\n<\/ul>\n<p style=\"text-align: center;\"><a style=\"text-decoration: underline;\" title=\"Download the high school brochure (French only)\" href=\"https:\/\/www.etab-daniel.org\/wp-inside\/uploads\/2026\/02\/etb-daniel-presentation-lycee-2026.pdf\" target=\"_blank\" rel=\"noopener\"><br \/>\n    Download the Brochure (French only)<br \/>\n  <\/a><\/p>\n<\/div>\n<\/div>\n<\/div>\n<\/div>\n<div class=\"lycee-specialites\" style=\"margin: 3rem 0;\">\n<div class=\"row\">\n<div class=\"medium-10 medium-centered large-10 xlarge-10 columns\">\n<h2>Specialized Tracks Offered<\/h2>\n<div class=\"wysiwyg-content\">\n<h3>Sophomore Year<\/h3>\n<p>The high school welcomes students in <strong>General Sophomore class<\/strong> to help them build their career path.<\/p>\n<h3>Junior Year<\/h3>\n<p>The specialized tracks offered are:<\/p>\n<ul>\n<li><strong>Mathematics<\/strong><\/li>\n<li><strong>Physics-Chemistry<\/strong><\/li>\n<li><strong>Economics and Social Sciences<\/strong><\/li>\n<li><strong>Arts<\/strong> (Visual Arts focus)<\/li>\n<li><strong>HGGSP<\/strong> (History-Geography, Geopolitics and Political Science)<\/li>\n<li><strong>LLCE English<\/strong> (Languages, Literatures and Foreign Cultures)<\/li>\n<\/ul>\n<h3>Senior Year<\/h3>\n<p>The specialized tracks offered are:<\/p>\n<ul>\n<li><strong>Mathematics<\/strong><\/li>\n<li><strong>Physics-Chemistry<\/strong><\/li>\n<li><strong>Life and Earth Sciences<\/strong><\/li>\n<li><strong>HGGSP<\/strong> (History-Geography, Geopolitics and Political Science)<\/li>\n<li><strong>LLCE English<\/strong> (Languages, Literatures and Foreign Cultures)<\/li>\n<\/ul>\n<p><strong>Option to take another specialty through distance learning<\/strong> to meet each student&#8217;s specific needs.<\/p>\n<\/div>\n<\/div>\n<\/div>\n<\/div>\n<div class=\"lycee-verset text-center\" style=\"padding: 3rem 0; margin: 2rem 0;\">\n<div class=\"row\">\n<div class=\"medium-12 medium-centered columns\">\n<blockquote style=\"border: none; font-size: 1.3rem; line-height: 1.6; font-style: italic; color: #333;\"><p>&#8220;To these four young men God gave knowledge and understanding of all kinds of literature and learning.&#8221;<\/p>\n<footer style=\"margin-top: 1.5rem; font-style: normal; font-weight: bold; font-size: 1.1rem; color: #4bbd93;\">\u2014 Daniel 1:17<\/footer>\n<\/blockquote>\n<\/div>\n<\/div>\n<\/div>\n<p><img decoding=\"async\" src=\"https:\/\/www.etab-daniel.org\/wp-inside\/uploads\/2026\/02\/lycee-daniel-chateau-sport-eleves-2-1024x517.jpg\" class=\"size-large aligncenter\" \/><\/p>\n<div class=\"lycee-temoignages bg-lightgray\" style=\"padding: 3rem 0; margin: 2rem 0;\">\n<div class=\"row\">\n<div class=\"medium-10 medium-centered large-10 xlarge-10 columns\">\n<h2 class=\"text-center\">They Experienced Daniel<\/h2>\n<div class=\"row medium-up-1 large-up-1\" style=\"margin-top: 2rem;\">\n<div class=\"column\">\n<blockquote style=\"padding-left: 1rem; font-style: italic;\"><p>&#8220;I&#8217;m grateful to have grown up at Daniel: beyond the high quality of classes, I was surrounded by very caring people who helped me overcome my differences.&#8221;<\/p>\n<footer style=\"font-size: smaller;\"><strong>Eden<\/strong> \u2013 Student in 2nd year of engineering school (UTBM)<\/footer>\n<\/blockquote>\n<\/div>\n<div class=\"column\">\n<blockquote style=\"padding-left: 1rem; font-style: italic;\"><p>&#8220;Lyc\u00e9e Daniel was a real accelerator for me, both through the quality of teaching and the Christian values instilled in us. The small class sizes promote collective and effective learning in a caring environment with quality teachers.&#8221;<\/p>\n<footer style=\"font-size: smaller;\"><strong>R\u00e9becca<\/strong> \u2013 3rd year of Public Law and Political Science degree (Univ. Paris Panth\u00e9on Assas)<\/footer>\n<\/blockquote>\n<\/div>\n<div class=\"column\">\n<blockquote style=\"padding-left: 1rem; font-style: italic;\"><p>&#8220;I&#8217;m thankful to have spent my high school years at Daniel! Beyond a quality academic path, it also strengthened my faith and friendships.&#8221;<\/p>\n<footer style=\"font-size: smaller;\"><strong>Audrey<\/strong> \u2013 4th year medical student in Strasbourg<\/footer>\n<\/blockquote>\n<\/div>\n<div class=\"column\">\n<blockquote style=\"padding-left: 1rem; font-style: italic;\"><p>&#8220;I discovered the one who saved my life there: Jesus Christ. I came out deeply transformed, close to Him. I learned to serve, to grow, to share, and to love.&#8221;<\/p>\n<footer style=\"font-size: smaller;\"><strong>Rapha\u00ebl<\/strong> \u2013 Student at the Bible Institute of Nogent-sur-Marne<\/footer>\n<\/blockquote>\n<\/div>\n<\/div>\n<\/div>\n<\/div>\n<\/div>\n<div class=\"lycee-cta text-center\" style=\"margin: 3rem 0; padding: 2rem 0;\">\n<div class=\"row\">\n<div class=\"medium-10 medium-centered large-8 xlarge-6 columns\">\n<h2>Join Us!<\/h2>\n<p class=\"lead\">Would you like to learn more or schedule a shadow day?<\/p>\n<div class=\"button-group align-center\" style=\"margin: 2rem 0;\"><a class=\"button\" href=\"https:\/\/www.etab-daniel.org\/en\/contact\/\">Contact Us<\/a> <a class=\"button\" title=\"Discover admission requirements\" href=\"https:\/\/www.etab-daniel.org\/admissions\/\">Learn About Admissions<\/a><\/div>\n<\/div>\n<\/div>\n<\/div>\n","protected":false},"excerpt":{"rendered":"<p>Christian High School in Guebwiller offering academic excellence and spiritual growth from Sophomore to Senior year. With a 100% graduation rate since 2021, we train competent and responsible disciples of Christ.<\/p>\n","protected":false},"author":2,"featured_media":0,"parent":8503,"menu_order":20,"comment_status":"closed","ping_status":"closed","template":"","meta":{"_acf_changed":false,"footnotes":""},"class_list":["post-8509","page","type-page","status-publish","hentry","wp-sticky"],"acf":[],"yoast_head":"<!-- This site is optimized with the Yoast SEO plugin v26.9 - https:\/\/yoast.com\/product\/yoast-seo-wordpress\/ -->\n<title>Lyc\u00e9e Daniel, a Christian High School of Excellence in Guebwiller<\/title>\n<meta name=\"description\" content=\"Private Christian high school in Guebwiller combining academic excellence and faith. Small class sizes, 100% graduation rate, international programs available.\" \/>\n<meta name=\"robots\" content=\"index, follow, max-snippet:-1, max-image-preview:large, max-video-preview:-1\" \/>\n<link rel=\"canonical\" href=\"https:\/\/www.etab-daniel.org\/en\/academics\/highschool\/\" \/>\n<meta property=\"og:locale\" content=\"en_US\" \/>\n<meta property=\"og:type\" content=\"article\" \/>\n<meta property=\"og:title\" content=\"Lyc\u00e9e Daniel, a Christian High School of Excellence in Guebwiller\" \/>\n<meta property=\"og:description\" content=\"Private Christian high school in Guebwiller combining academic excellence and faith. Small class sizes, 100% graduation rate, international programs available.\" \/>\n<meta property=\"og:url\" content=\"https:\/\/www.etab-daniel.org\/en\/academics\/highschool\/\" \/>\n<meta property=\"og:site_name\" content=\"\u00c9tablissement Scolaire Priv\u00e9 Daniel\" \/>\n<meta property=\"article:publisher\" content=\"https:\/\/www.facebook.com\/ESP.Daniel\/\" \/>\n<meta property=\"article:modified_time\" content=\"2026-02-16T19:13:07+00:00\" \/>\n<meta property=\"og:image\" content=\"https:\/\/www.etab-daniel.org\/wp-inside\/uploads\/2026\/02\/lycee-daniel-chateau-sport-eleves-2-1024x517.jpg\" \/>\n<meta name=\"twitter:card\" content=\"summary_large_image\" \/>\n<meta name=\"twitter:label1\" content=\"Est. reading time\" \/>\n\t<meta name=\"twitter:data1\" content=\"1 minute\" \/>\n<script type=\"application\/ld+json\" class=\"yoast-schema-graph\">{\"@context\":\"https:\/\/schema.org\",\"@graph\":[{\"@type\":\"WebPage\",\"@id\":\"https:\/\/www.etab-daniel.org\/en\/academics\/highschool\/\",\"url\":\"https:\/\/www.etab-daniel.org\/en\/academics\/highschool\/\",\"name\":\"Lyc\u00e9e Daniel, a Christian High School of Excellence in Guebwiller\",\"isPartOf\":{\"@id\":\"https:\/\/www.etab-daniel.org\/en\/#website\"},\"primaryImageOfPage\":{\"@id\":\"https:\/\/www.etab-daniel.org\/en\/academics\/highschool\/#primaryimage\"},\"image\":{\"@id\":\"https:\/\/www.etab-daniel.org\/en\/academics\/highschool\/#primaryimage\"},\"thumbnailUrl\":\"https:\/\/www.etab-daniel.org\/wp-inside\/uploads\/2026\/02\/lycee-daniel-chateau-sport-eleves-2-1024x517.jpg\",\"datePublished\":\"2017-09-14T16:47:29+00:00\",\"dateModified\":\"2026-02-16T19:13:07+00:00\",\"description\":\"Private Christian high school in Guebwiller combining academic excellence and faith. Small class sizes, 100% graduation rate, international programs available.\",\"breadcrumb\":{\"@id\":\"https:\/\/www.etab-daniel.org\/en\/academics\/highschool\/#breadcrumb\"},\"inLanguage\":\"en-US\",\"potentialAction\":[{\"@type\":\"ReadAction\",\"target\":[\"https:\/\/www.etab-daniel.org\/en\/academics\/highschool\/\"]}]},{\"@type\":\"ImageObject\",\"inLanguage\":\"en-US\",\"@id\":\"https:\/\/www.etab-daniel.org\/en\/academics\/highschool\/#primaryimage\",\"url\":\"https:\/\/www.etab-daniel.org\/wp-inside\/uploads\/2026\/02\/lycee-daniel-chateau-sport-eleves-2-1024x517.jpg\",\"contentUrl\":\"https:\/\/www.etab-daniel.org\/wp-inside\/uploads\/2026\/02\/lycee-daniel-chateau-sport-eleves-2-1024x517.jpg\"},{\"@type\":\"BreadcrumbList\",\"@id\":\"https:\/\/www.etab-daniel.org\/en\/academics\/highschool\/#breadcrumb\",\"itemListElement\":[{\"@type\":\"ListItem\",\"position\":1,\"name\":\"Accueil\",\"item\":\"https:\/\/www.etab-daniel.org\/en\/\"},{\"@type\":\"ListItem\",\"position\":2,\"name\":\"Academics\",\"item\":\"https:\/\/www.etab-daniel.org\/en\/academics\/\"},{\"@type\":\"ListItem\",\"position\":3,\"name\":\"High School\"}]},{\"@type\":\"WebSite\",\"@id\":\"https:\/\/www.etab-daniel.org\/en\/#website\",\"url\":\"https:\/\/www.etab-daniel.org\/en\/\",\"name\":\"\u00c9tablissement Scolaire Priv\u00e9 Daniel\",\"description\":\"\u00c9cole, coll\u00e8ge et lyc\u00e9e priv\u00e9s\",\"publisher\":{\"@id\":\"https:\/\/www.etab-daniel.org\/en\/#organization\"},\"alternateName\":\"ESP Daniel\",\"potentialAction\":[{\"@type\":\"SearchAction\",\"target\":{\"@type\":\"EntryPoint\",\"urlTemplate\":\"https:\/\/www.etab-daniel.org\/en\/?s={search_term_string}\"},\"query-input\":{\"@type\":\"PropertyValueSpecification\",\"valueRequired\":true,\"valueName\":\"search_term_string\"}}],\"inLanguage\":\"en-US\"},{\"@type\":\"Organization\",\"@id\":\"https:\/\/www.etab-daniel.org\/en\/#organization\",\"name\":\"\u00c9tablissement Scolaire Priv\u00e9 Daniel\",\"url\":\"https:\/\/www.etab-daniel.org\/en\/\",\"logo\":{\"@type\":\"ImageObject\",\"inLanguage\":\"en-US\",\"@id\":\"https:\/\/www.etab-daniel.org\/en\/#\/schema\/logo\/image\/\",\"url\":\"https:\/\/www.etab-daniel.org\/wp-inside\/uploads\/2017\/12\/logo-etb-daniel.png\",\"contentUrl\":\"https:\/\/www.etab-daniel.org\/wp-inside\/uploads\/2017\/12\/logo-etb-daniel.png\",\"width\":476,\"height\":120,\"caption\":\"\u00c9tablissement Scolaire Priv\u00e9 Daniel\"},\"image\":{\"@id\":\"https:\/\/www.etab-daniel.org\/en\/#\/schema\/logo\/image\/\"},\"sameAs\":[\"https:\/\/www.facebook.com\/ESP.Daniel\/\",\"https:\/\/www.instagram.com\/etablissement_daniel\/\"]}]}<\/script>\n<!-- \/ Yoast SEO plugin. -->","yoast_head_json":{"title":"Lyc\u00e9e Daniel, a Christian High School of Excellence in Guebwiller","description":"Private Christian high school in Guebwiller combining academic excellence and faith. Small class sizes, 100% graduation rate, international programs available.","robots":{"index":"index","follow":"follow","max-snippet":"max-snippet:-1","max-image-preview":"max-image-preview:large","max-video-preview":"max-video-preview:-1"},"canonical":"https:\/\/www.etab-daniel.org\/en\/academics\/highschool\/","og_locale":"en_US","og_type":"article","og_title":"Lyc\u00e9e Daniel, a Christian High School of Excellence in Guebwiller","og_description":"Private Christian high school in Guebwiller combining academic excellence and faith. Small class sizes, 100% graduation rate, international programs available.","og_url":"https:\/\/www.etab-daniel.org\/en\/academics\/highschool\/","og_site_name":"\u00c9tablissement Scolaire Priv\u00e9 Daniel","article_publisher":"https:\/\/www.facebook.com\/ESP.Daniel\/","article_modified_time":"2026-02-16T19:13:07+00:00","og_image":[{"url":"https:\/\/www.etab-daniel.org\/wp-inside\/uploads\/2026\/02\/lycee-daniel-chateau-sport-eleves-2-1024x517.jpg","type":"","width":"","height":""}],"twitter_card":"summary_large_image","twitter_misc":{"Est. reading time":"1 minute"},"schema":{"@context":"https:\/\/schema.org","@graph":[{"@type":"WebPage","@id":"https:\/\/www.etab-daniel.org\/en\/academics\/highschool\/","url":"https:\/\/www.etab-daniel.org\/en\/academics\/highschool\/","name":"Lyc\u00e9e Daniel, a Christian High School of Excellence in Guebwiller","isPartOf":{"@id":"https:\/\/www.etab-daniel.org\/en\/#website"},"primaryImageOfPage":{"@id":"https:\/\/www.etab-daniel.org\/en\/academics\/highschool\/#primaryimage"},"image":{"@id":"https:\/\/www.etab-daniel.org\/en\/academics\/highschool\/#primaryimage"},"thumbnailUrl":"https:\/\/www.etab-daniel.org\/wp-inside\/uploads\/2026\/02\/lycee-daniel-chateau-sport-eleves-2-1024x517.jpg","datePublished":"2017-09-14T16:47:29+00:00","dateModified":"2026-02-16T19:13:07+00:00","description":"Private Christian high school in Guebwiller combining academic excellence and faith. Small class sizes, 100% graduation rate, international programs available.","breadcrumb":{"@id":"https:\/\/www.etab-daniel.org\/en\/academics\/highschool\/#breadcrumb"},"inLanguage":"en-US","potentialAction":[{"@type":"ReadAction","target":["https:\/\/www.etab-daniel.org\/en\/academics\/highschool\/"]}]},{"@type":"ImageObject","inLanguage":"en-US","@id":"https:\/\/www.etab-daniel.org\/en\/academics\/highschool\/#primaryimage","url":"https:\/\/www.etab-daniel.org\/wp-inside\/uploads\/2026\/02\/lycee-daniel-chateau-sport-eleves-2-1024x517.jpg","contentUrl":"https:\/\/www.etab-daniel.org\/wp-inside\/uploads\/2026\/02\/lycee-daniel-chateau-sport-eleves-2-1024x517.jpg"},{"@type":"BreadcrumbList","@id":"https:\/\/www.etab-daniel.org\/en\/academics\/highschool\/#breadcrumb","itemListElement":[{"@type":"ListItem","position":1,"name":"Accueil","item":"https:\/\/www.etab-daniel.org\/en\/"},{"@type":"ListItem","position":2,"name":"Academics","item":"https:\/\/www.etab-daniel.org\/en\/academics\/"},{"@type":"ListItem","position":3,"name":"High School"}]},{"@type":"WebSite","@id":"https:\/\/www.etab-daniel.org\/en\/#website","url":"https:\/\/www.etab-daniel.org\/en\/","name":"\u00c9tablissement Scolaire Priv\u00e9 Daniel","description":"\u00c9cole, coll\u00e8ge et lyc\u00e9e priv\u00e9s","publisher":{"@id":"https:\/\/www.etab-daniel.org\/en\/#organization"},"alternateName":"ESP Daniel","potentialAction":[{"@type":"SearchAction","target":{"@type":"EntryPoint","urlTemplate":"https:\/\/www.etab-daniel.org\/en\/?s={search_term_string}"},"query-input":{"@type":"PropertyValueSpecification","valueRequired":true,"valueName":"search_term_string"}}],"inLanguage":"en-US"},{"@type":"Organization","@id":"https:\/\/www.etab-daniel.org\/en\/#organization","name":"\u00c9tablissement Scolaire Priv\u00e9 Daniel","url":"https:\/\/www.etab-daniel.org\/en\/","logo":{"@type":"ImageObject","inLanguage":"en-US","@id":"https:\/\/www.etab-daniel.org\/en\/#\/schema\/logo\/image\/","url":"https:\/\/www.etab-daniel.org\/wp-inside\/uploads\/2017\/12\/logo-etb-daniel.png","contentUrl":"https:\/\/www.etab-daniel.org\/wp-inside\/uploads\/2017\/12\/logo-etb-daniel.png","width":476,"height":120,"caption":"\u00c9tablissement Scolaire Priv\u00e9 Daniel"},"image":{"@id":"https:\/\/www.etab-daniel.org\/en\/#\/schema\/logo\/image\/"},"sameAs":["https:\/\/www.facebook.com\/ESP.Daniel\/","https:\/\/www.instagram.com\/etablissement_daniel\/"]}]}},"_links":{"self":[{"href":"https:\/\/www.etab-daniel.org\/en\/wp-json\/wp\/v2\/pages\/8509","targetHints":{"allow":["GET"]}}],"collection":[{"href":"https:\/\/www.etab-daniel.org\/en\/wp-json\/wp\/v2\/pages"}],"about":[{"href":"https:\/\/www.etab-daniel.org\/en\/wp-json\/wp\/v2\/types\/page"}],"author":[{"embeddable":true,"href":"https:\/\/www.etab-daniel.org\/en\/wp-json\/wp\/v2\/users\/2"}],"replies":[{"embeddable":true,"href":"https:\/\/www.etab-daniel.org\/en\/wp-json\/wp\/v2\/comments?post=8509"}],"version-history":[{"count":12,"href":"https:\/\/www.etab-daniel.org\/en\/wp-json\/wp\/v2\/pages\/8509\/revisions"}],"predecessor-version":[{"id":12967,"href":"https:\/\/www.etab-daniel.org\/en\/wp-json\/wp\/v2\/pages\/8509\/revisions\/12967"}],"up":[{"embeddable":true,"href":"https:\/\/www.etab-daniel.org\/en\/wp-json\/wp\/v2\/pages\/8503"}],"wp:attachment":[{"href":"https:\/\/www.etab-daniel.org\/en\/wp-json\/wp\/v2\/media?parent=8509"}],"curies":[{"name":"wp","href":"https:\/\/api.w.org\/{rel}","templated":true}]}}