{"id":8507,"date":"2017-12-29T14:16:34","date_gmt":"2017-12-29T13:16:34","guid":{"rendered":"https:\/\/www.etab-daniel.org\/etablissement\/college\/reglement-du-college\/"},"modified":"2025-10-01T21:24:38","modified_gmt":"2025-10-01T19:24:38","slug":"reglement-du-college","status":"publish","type":"page","link":"https:\/\/www.etab-daniel.org\/en\/academics\/middleschool\/reglement-du-college\/","title":{"rendered":"R\u00e8glement du Coll\u00e8ge"},"content":{"rendered":"<h2>1. Rentr\u00e9e des classes<\/h2>\n<p>Pour le Coll\u00e8ge, la surveillance est assur\u00e9e d\u00e8s 8h15, les cours commencent \u00e0 8h30.<\/p>\n<h2>2. Temps de midi<\/h2>\n<p>Les cours se terminent \u00e0 12h30 et reprennent \u00e0 13h30<\/p>\n<p>Aucune cantine scolaire n\u2019est assur\u00e9e par notre \u00e9tablissement. L\u2019enfant peut apporter son panier repas et le consommer sur place (des micro-ondes sont \u00e0 disposition dans une salle). Il est \u00e0 noter que dans ce cas, la surveillance de l\u2019\u00e9l\u00e8ve incombe \u00e0 l\u2019\u00e9tablissement, et c\u2019est pourquoi il n\u2019est pas autoris\u00e9 \u00e0 sortir de l\u2019\u00e9tablissement entre 12h et 13h30, sauf autorisation \u00e9crite des parents.<\/p>\n<p>Selon les ann\u00e9es diverses activit\u00e9s sont propos\u00e9es apr\u00e8s le repas de midi :<\/p>\n<p>jeux de soci\u00e9t\u00e9<br \/>\nCDI informatique<br \/>\nlouange (1 fois par semaine)<br \/>\npri\u00e8re \u00e0 l\u2019initiative des \u00e9l\u00e8ves (1 fois par semaine)<br \/>\nateliers anim\u00e9s par des parents et des amis (peinture, jonglage, \u00e9checs, foot,\u2026)<\/p>\n<h2>3. Absences \/ Retards<\/h2>\n<h3>a) Absences :<\/h3>\n<p>Les absences doivent \u00eatre signal\u00e9es par t\u00e9l\u00e9phone le matin m\u00eame, et excus\u00e9es par \u00e9crit sur le cahier de correspondance, d\u00e8s le retour en classe de l\u2019\u00e9l\u00e8ve. L\u2019\u00e9l\u00e8ve remettra son mot au secr\u00e9tariat avant de rentrer en classe.<\/p>\n<p>Il sera demand\u00e9 un certificat m\u00e9dical pour une absence d\u2019au moins trois jours. Merci de prendre contact avec les enseignants pour que l\u2019\u00e9l\u00e8ve rattrape le travail.<\/p>\n<p>N.B. : Nous vous demandons de nous signaler toute maladie contagieuse ou l\u2019apparition de poux d\u00e8s que cela a \u00e9t\u00e9 diagnostiqu\u00e9.<\/p>\n<h3>b) Retards<\/h3>\n<p>L\u2019\u00e9l\u00e8ve doit passer au secr\u00e9tariat avant d\u2019aller en classe, afin de prendre un billet de retard qu\u2019il remettra \u00e0 son professeur.<\/p>\n<h2>4. Suivi scolaire<\/h2>\n<p>Les r\u00e9unions parents\/professeurs ont lieu au cours du 1er et du 2e trimestre. Il est essentiel que chaque parent y participe pour un suivi efficace de l\u2019\u00e9l\u00e8ve.<br \/>\nLe cahier de correspondance permet la communication entre parents et enseignants. Les \u00e9l\u00e8ves l\u2019ont toujours avec eux, nous vous demandons de le regarder r\u00e9guli\u00e8rement.<br \/>\nNous demandons aux parents de signer chaque interrogation et de veiller \u00e0 ce que le travail \u00e0 la maison soit fait r\u00e9guli\u00e8rement et s\u00e9rieusement.<\/p>\n","protected":false},"excerpt":{"rendered":"<p>1. Rentr\u00e9e des classes Pour le Coll\u00e8ge, la surveillance est assur\u00e9e d\u00e8s 8h15, les cours commencent \u00e0 8h30. 2. Temps de midi Les cours se terminent \u00e0 12h30 et reprennent [&hellip;]<\/p>\n","protected":false},"author":2,"featured_media":0,"parent":8506,"menu_order":5,"comment_status":"closed","ping_status":"closed","template":"","meta":{"_acf_changed":false,"footnotes":""},"class_list":["post-8507","page","type-page","status-publish","hentry","wp-sticky"],"acf":[],"yoast_head":"<!-- This site is optimized with the Yoast SEO plugin v26.9 - https:\/\/yoast.com\/product\/yoast-seo-wordpress\/ -->\n<title>R\u00e8glement du Coll\u00e8ge<\/title>\n<meta name=\"robots\" content=\"index, follow, max-snippet:-1, max-image-preview:large, max-video-preview:-1\" \/>\n<link rel=\"canonical\" href=\"https:\/\/www.etab-daniel.org\/en\/academics\/middleschool\/reglement-du-college\/\" \/>\n<meta property=\"og:locale\" content=\"en_US\" \/>\n<meta property=\"og:type\" content=\"article\" \/>\n<meta property=\"og:title\" content=\"R\u00e8glement du Coll\u00e8ge\" \/>\n<meta property=\"og:description\" content=\"1. Rentr\u00e9e des classes Pour le Coll\u00e8ge, la surveillance est assur\u00e9e d\u00e8s 8h15, les cours commencent \u00e0 8h30. 2. Temps de midi Les cours se terminent \u00e0 12h30 et reprennent [&hellip;]\" \/>\n<meta property=\"og:url\" content=\"https:\/\/www.etab-daniel.org\/en\/academics\/middleschool\/reglement-du-college\/\" \/>\n<meta property=\"og:site_name\" content=\"\u00c9tablissement Scolaire Priv\u00e9 Daniel\" \/>\n<meta property=\"article:publisher\" content=\"https:\/\/www.facebook.com\/ESP.Daniel\/\" \/>\n<meta property=\"article:modified_time\" content=\"2025-10-01T19:24:38+00:00\" \/>\n<meta property=\"og:image\" content=\"https:\/\/www.etab-daniel.org\/wp-inside\/uploads\/2023\/03\/esp-daniel.jpg\" \/>\n\t<meta property=\"og:image:width\" content=\"1200\" \/>\n\t<meta property=\"og:image:height\" content=\"675\" \/>\n\t<meta property=\"og:image:type\" content=\"image\/jpeg\" \/>\n<meta name=\"twitter:card\" content=\"summary_large_image\" \/>\n<meta name=\"twitter:label1\" content=\"Est. reading time\" \/>\n\t<meta name=\"twitter:data1\" content=\"2 minutes\" \/>\n<script type=\"application\/ld+json\" class=\"yoast-schema-graph\">{\"@context\":\"https:\/\/schema.org\",\"@graph\":[{\"@type\":\"WebPage\",\"@id\":\"https:\/\/www.etab-daniel.org\/en\/academics\/middleschool\/reglement-du-college\/\",\"url\":\"https:\/\/www.etab-daniel.org\/en\/academics\/middleschool\/reglement-du-college\/\",\"name\":\"R\u00e8glement du Coll\u00e8ge\",\"isPartOf\":{\"@id\":\"https:\/\/www.etab-daniel.org\/en\/#website\"},\"datePublished\":\"2017-12-29T13:16:34+00:00\",\"dateModified\":\"2025-10-01T19:24:38+00:00\",\"breadcrumb\":{\"@id\":\"https:\/\/www.etab-daniel.org\/en\/academics\/middleschool\/reglement-du-college\/#breadcrumb\"},\"inLanguage\":\"en-US\",\"potentialAction\":[{\"@type\":\"ReadAction\",\"target\":[\"https:\/\/www.etab-daniel.org\/en\/academics\/middleschool\/reglement-du-college\/\"]}]},{\"@type\":\"BreadcrumbList\",\"@id\":\"https:\/\/www.etab-daniel.org\/en\/academics\/middleschool\/reglement-du-college\/#breadcrumb\",\"itemListElement\":[{\"@type\":\"ListItem\",\"position\":1,\"name\":\"Accueil\",\"item\":\"https:\/\/www.etab-daniel.org\/en\/\"},{\"@type\":\"ListItem\",\"position\":2,\"name\":\"Academics\",\"item\":\"https:\/\/www.etab-daniel.org\/en\/academics\/\"},{\"@type\":\"ListItem\",\"position\":3,\"name\":\"Middle School\",\"item\":\"https:\/\/www.etab-daniel.org\/en\/academics\/middleschool\/\"},{\"@type\":\"ListItem\",\"position\":4,\"name\":\"R\u00e8glement du Coll\u00e8ge\"}]},{\"@type\":\"WebSite\",\"@id\":\"https:\/\/www.etab-daniel.org\/en\/#website\",\"url\":\"https:\/\/www.etab-daniel.org\/en\/\",\"name\":\"\u00c9tablissement Scolaire Priv\u00e9 Daniel\",\"description\":\"\u00c9cole, coll\u00e8ge et lyc\u00e9e priv\u00e9s\",\"publisher\":{\"@id\":\"https:\/\/www.etab-daniel.org\/en\/#organization\"},\"alternateName\":\"ESP Daniel\",\"potentialAction\":[{\"@type\":\"SearchAction\",\"target\":{\"@type\":\"EntryPoint\",\"urlTemplate\":\"https:\/\/www.etab-daniel.org\/en\/?s={search_term_string}\"},\"query-input\":{\"@type\":\"PropertyValueSpecification\",\"valueRequired\":true,\"valueName\":\"search_term_string\"}}],\"inLanguage\":\"en-US\"},{\"@type\":\"Organization\",\"@id\":\"https:\/\/www.etab-daniel.org\/en\/#organization\",\"name\":\"\u00c9tablissement Scolaire Priv\u00e9 Daniel\",\"url\":\"https:\/\/www.etab-daniel.org\/en\/\",\"logo\":{\"@type\":\"ImageObject\",\"inLanguage\":\"en-US\",\"@id\":\"https:\/\/www.etab-daniel.org\/en\/#\/schema\/logo\/image\/\",\"url\":\"https:\/\/www.etab-daniel.org\/wp-inside\/uploads\/2017\/12\/logo-etb-daniel.png\",\"contentUrl\":\"https:\/\/www.etab-daniel.org\/wp-inside\/uploads\/2017\/12\/logo-etb-daniel.png\",\"width\":476,\"height\":120,\"caption\":\"\u00c9tablissement Scolaire Priv\u00e9 Daniel\"},\"image\":{\"@id\":\"https:\/\/www.etab-daniel.org\/en\/#\/schema\/logo\/image\/\"},\"sameAs\":[\"https:\/\/www.facebook.com\/ESP.Daniel\/\",\"https:\/\/www.instagram.com\/etablissement_daniel\/\"]}]}<\/script>\n<!-- \/ Yoast SEO plugin. -->","yoast_head_json":{"title":"R\u00e8glement du Coll\u00e8ge","robots":{"index":"index","follow":"follow","max-snippet":"max-snippet:-1","max-image-preview":"max-image-preview:large","max-video-preview":"max-video-preview:-1"},"canonical":"https:\/\/www.etab-daniel.org\/en\/academics\/middleschool\/reglement-du-college\/","og_locale":"en_US","og_type":"article","og_title":"R\u00e8glement du Coll\u00e8ge","og_description":"1. Rentr\u00e9e des classes Pour le Coll\u00e8ge, la surveillance est assur\u00e9e d\u00e8s 8h15, les cours commencent \u00e0 8h30. 2. Temps de midi Les cours se terminent \u00e0 12h30 et reprennent [&hellip;]","og_url":"https:\/\/www.etab-daniel.org\/en\/academics\/middleschool\/reglement-du-college\/","og_site_name":"\u00c9tablissement Scolaire Priv\u00e9 Daniel","article_publisher":"https:\/\/www.facebook.com\/ESP.Daniel\/","article_modified_time":"2025-10-01T19:24:38+00:00","og_image":[{"width":1200,"height":675,"url":"https:\/\/www.etab-daniel.org\/wp-inside\/uploads\/2023\/03\/esp-daniel.jpg","type":"image\/jpeg"}],"twitter_card":"summary_large_image","twitter_misc":{"Est. reading time":"2 minutes"},"schema":{"@context":"https:\/\/schema.org","@graph":[{"@type":"WebPage","@id":"https:\/\/www.etab-daniel.org\/en\/academics\/middleschool\/reglement-du-college\/","url":"https:\/\/www.etab-daniel.org\/en\/academics\/middleschool\/reglement-du-college\/","name":"R\u00e8glement du Coll\u00e8ge","isPartOf":{"@id":"https:\/\/www.etab-daniel.org\/en\/#website"},"datePublished":"2017-12-29T13:16:34+00:00","dateModified":"2025-10-01T19:24:38+00:00","breadcrumb":{"@id":"https:\/\/www.etab-daniel.org\/en\/academics\/middleschool\/reglement-du-college\/#breadcrumb"},"inLanguage":"en-US","potentialAction":[{"@type":"ReadAction","target":["https:\/\/www.etab-daniel.org\/en\/academics\/middleschool\/reglement-du-college\/"]}]},{"@type":"BreadcrumbList","@id":"https:\/\/www.etab-daniel.org\/en\/academics\/middleschool\/reglement-du-college\/#breadcrumb","itemListElement":[{"@type":"ListItem","position":1,"name":"Accueil","item":"https:\/\/www.etab-daniel.org\/en\/"},{"@type":"ListItem","position":2,"name":"Academics","item":"https:\/\/www.etab-daniel.org\/en\/academics\/"},{"@type":"ListItem","position":3,"name":"Middle School","item":"https:\/\/www.etab-daniel.org\/en\/academics\/middleschool\/"},{"@type":"ListItem","position":4,"name":"R\u00e8glement du Coll\u00e8ge"}]},{"@type":"WebSite","@id":"https:\/\/www.etab-daniel.org\/en\/#website","url":"https:\/\/www.etab-daniel.org\/en\/","name":"\u00c9tablissement Scolaire Priv\u00e9 Daniel","description":"\u00c9cole, coll\u00e8ge et lyc\u00e9e priv\u00e9s","publisher":{"@id":"https:\/\/www.etab-daniel.org\/en\/#organization"},"alternateName":"ESP Daniel","potentialAction":[{"@type":"SearchAction","target":{"@type":"EntryPoint","urlTemplate":"https:\/\/www.etab-daniel.org\/en\/?s={search_term_string}"},"query-input":{"@type":"PropertyValueSpecification","valueRequired":true,"valueName":"search_term_string"}}],"inLanguage":"en-US"},{"@type":"Organization","@id":"https:\/\/www.etab-daniel.org\/en\/#organization","name":"\u00c9tablissement Scolaire Priv\u00e9 Daniel","url":"https:\/\/www.etab-daniel.org\/en\/","logo":{"@type":"ImageObject","inLanguage":"en-US","@id":"https:\/\/www.etab-daniel.org\/en\/#\/schema\/logo\/image\/","url":"https:\/\/www.etab-daniel.org\/wp-inside\/uploads\/2017\/12\/logo-etb-daniel.png","contentUrl":"https:\/\/www.etab-daniel.org\/wp-inside\/uploads\/2017\/12\/logo-etb-daniel.png","width":476,"height":120,"caption":"\u00c9tablissement Scolaire Priv\u00e9 Daniel"},"image":{"@id":"https:\/\/www.etab-daniel.org\/en\/#\/schema\/logo\/image\/"},"sameAs":["https:\/\/www.facebook.com\/ESP.Daniel\/","https:\/\/www.instagram.com\/etablissement_daniel\/"]}]}},"_links":{"self":[{"href":"https:\/\/www.etab-daniel.org\/en\/wp-json\/wp\/v2\/pages\/8507","targetHints":{"allow":["GET"]}}],"collection":[{"href":"https:\/\/www.etab-daniel.org\/en\/wp-json\/wp\/v2\/pages"}],"about":[{"href":"https:\/\/www.etab-daniel.org\/en\/wp-json\/wp\/v2\/types\/page"}],"author":[{"embeddable":true,"href":"https:\/\/www.etab-daniel.org\/en\/wp-json\/wp\/v2\/users\/2"}],"replies":[{"embeddable":true,"href":"https:\/\/www.etab-daniel.org\/en\/wp-json\/wp\/v2\/comments?post=8507"}],"version-history":[{"count":1,"href":"https:\/\/www.etab-daniel.org\/en\/wp-json\/wp\/v2\/pages\/8507\/revisions"}],"predecessor-version":[{"id":12379,"href":"https:\/\/www.etab-daniel.org\/en\/wp-json\/wp\/v2\/pages\/8507\/revisions\/12379"}],"up":[{"embeddable":true,"href":"https:\/\/www.etab-daniel.org\/en\/wp-json\/wp\/v2\/pages\/8506"}],"wp:attachment":[{"href":"https:\/\/www.etab-daniel.org\/en\/wp-json\/wp\/v2\/media?parent=8507"}],"curies":[{"name":"wp","href":"https:\/\/api.w.org\/{rel}","templated":true}]}}