{"id":8506,"date":"2017-09-14T18:46:51","date_gmt":"2017-09-14T16:46:51","guid":{"rendered":"https:\/\/www.etab-daniel.org\/etablissement\/college\/"},"modified":"2023-07-29T18:41:08","modified_gmt":"2023-07-29T16:41:08","slug":"middleschool","status":"publish","type":"page","link":"https:\/\/www.etab-daniel.org\/en\/academics\/middleschool\/","title":{"rendered":"Middle School"},"content":{"rendered":"<p style=\"text-align: left;\"><strong>The middle school<\/strong> is the oldest part of the school !<\/p>\n<p style=\"text-align: left;\">It offers one class per level from 6th to 9th grade.<\/p>\n<h2 style=\"text-align: left;\">Main assets<\/h2>\n<ul>\n<li><em>High academic standards<\/em><\/li>\n<li><em>Low class sizes<\/em><\/li>\n<li><em>Low teacher absentee rates<\/em><\/li>\n<li><em>Daily methodology classes<\/em><\/li>\n<li><em>Support for orientation and career planning<\/em><\/li>\n<li><em>School exchanges and cultural trips<\/em><\/li>\n<\/ul>\n<h2>Special characteristics<\/h2>\n<ul>\n<li><i>Language learning starting in 6th grade (English and German)<\/i><\/li>\n<li><em>45 minutes classes<\/em><\/li>\n<li><em>Workshops and sport in the afternoon\u00a0<\/em><\/li>\n<li><em>Development of the serving attitude<\/em><\/li>\n<li><i>Weekly chapels<\/i><\/li>\n<li><em>Weekly class debriefing sessions<\/em><\/li>\n<\/ul>\n<p style=\"text-align: left;\"><a class=\"button\" href=\"https:\/\/www.etab-daniel.org\/etablissement\/college\/reglement-du-college\/\">See the middle school rules and regulations<\/a><\/p>\n","protected":false},"excerpt":{"rendered":"<p>The middle school is the oldest part of the school ! It offers one class per level from 6th to 9th grade. Main assets High academic standards Low class sizes [&hellip;]<\/p>\n","protected":false},"author":2,"featured_media":0,"parent":8503,"menu_order":15,"comment_status":"closed","ping_status":"closed","template":"","meta":{"_acf_changed":false,"footnotes":""},"class_list":["post-8506","page","type-page","status-publish","hentry","wp-sticky"],"acf":[],"yoast_head":"<!-- This site is optimized with the Yoast SEO plugin v26.9 - https:\/\/yoast.com\/product\/yoast-seo-wordpress\/ -->\n<title>Middle School<\/title>\n<meta name=\"robots\" content=\"index, follow, max-snippet:-1, max-image-preview:large, max-video-preview:-1\" \/>\n<link rel=\"canonical\" href=\"https:\/\/www.etab-daniel.org\/en\/academics\/middleschool\/\" \/>\n<meta property=\"og:locale\" content=\"en_US\" \/>\n<meta property=\"og:type\" content=\"article\" \/>\n<meta property=\"og:title\" content=\"Middle School\" \/>\n<meta property=\"og:description\" content=\"The middle school is the oldest part of the school ! It offers one class per level from 6th to 9th grade. Main assets High academic standards Low class sizes [&hellip;]\" \/>\n<meta property=\"og:url\" content=\"https:\/\/www.etab-daniel.org\/en\/academics\/middleschool\/\" \/>\n<meta property=\"og:site_name\" content=\"\u00c9tablissement Scolaire Priv\u00e9 Daniel\" \/>\n<meta property=\"article:publisher\" content=\"https:\/\/www.facebook.com\/ESP.Daniel\/\" \/>\n<meta property=\"article:modified_time\" content=\"2023-07-29T16:41:08+00:00\" \/>\n<meta property=\"og:image\" content=\"https:\/\/www.etab-daniel.org\/wp-inside\/uploads\/2023\/03\/esp-daniel.jpg\" \/>\n\t<meta property=\"og:image:width\" content=\"1200\" \/>\n\t<meta property=\"og:image:height\" content=\"675\" \/>\n\t<meta property=\"og:image:type\" content=\"image\/jpeg\" \/>\n<meta name=\"twitter:card\" content=\"summary_large_image\" \/>\n<script type=\"application\/ld+json\" class=\"yoast-schema-graph\">{\"@context\":\"https:\/\/schema.org\",\"@graph\":[{\"@type\":\"WebPage\",\"@id\":\"https:\/\/www.etab-daniel.org\/en\/academics\/middleschool\/\",\"url\":\"https:\/\/www.etab-daniel.org\/en\/academics\/middleschool\/\",\"name\":\"Middle School\",\"isPartOf\":{\"@id\":\"https:\/\/www.etab-daniel.org\/en\/#website\"},\"datePublished\":\"2017-09-14T16:46:51+00:00\",\"dateModified\":\"2023-07-29T16:41:08+00:00\",\"breadcrumb\":{\"@id\":\"https:\/\/www.etab-daniel.org\/en\/academics\/middleschool\/#breadcrumb\"},\"inLanguage\":\"en-US\",\"potentialAction\":[{\"@type\":\"ReadAction\",\"target\":[\"https:\/\/www.etab-daniel.org\/en\/academics\/middleschool\/\"]}]},{\"@type\":\"BreadcrumbList\",\"@id\":\"https:\/\/www.etab-daniel.org\/en\/academics\/middleschool\/#breadcrumb\",\"itemListElement\":[{\"@type\":\"ListItem\",\"position\":1,\"name\":\"Accueil\",\"item\":\"https:\/\/www.etab-daniel.org\/en\/\"},{\"@type\":\"ListItem\",\"position\":2,\"name\":\"Academics\",\"item\":\"https:\/\/www.etab-daniel.org\/en\/academics\/\"},{\"@type\":\"ListItem\",\"position\":3,\"name\":\"Middle School\"}]},{\"@type\":\"WebSite\",\"@id\":\"https:\/\/www.etab-daniel.org\/en\/#website\",\"url\":\"https:\/\/www.etab-daniel.org\/en\/\",\"name\":\"\u00c9tablissement Scolaire Priv\u00e9 Daniel\",\"description\":\"\u00c9cole, coll\u00e8ge et lyc\u00e9e priv\u00e9s\",\"publisher\":{\"@id\":\"https:\/\/www.etab-daniel.org\/en\/#organization\"},\"alternateName\":\"ESP Daniel\",\"potentialAction\":[{\"@type\":\"SearchAction\",\"target\":{\"@type\":\"EntryPoint\",\"urlTemplate\":\"https:\/\/www.etab-daniel.org\/en\/?s={search_term_string}\"},\"query-input\":{\"@type\":\"PropertyValueSpecification\",\"valueRequired\":true,\"valueName\":\"search_term_string\"}}],\"inLanguage\":\"en-US\"},{\"@type\":\"Organization\",\"@id\":\"https:\/\/www.etab-daniel.org\/en\/#organization\",\"name\":\"\u00c9tablissement Scolaire Priv\u00e9 Daniel\",\"url\":\"https:\/\/www.etab-daniel.org\/en\/\",\"logo\":{\"@type\":\"ImageObject\",\"inLanguage\":\"en-US\",\"@id\":\"https:\/\/www.etab-daniel.org\/en\/#\/schema\/logo\/image\/\",\"url\":\"https:\/\/www.etab-daniel.org\/wp-inside\/uploads\/2017\/12\/logo-etb-daniel.png\",\"contentUrl\":\"https:\/\/www.etab-daniel.org\/wp-inside\/uploads\/2017\/12\/logo-etb-daniel.png\",\"width\":476,\"height\":120,\"caption\":\"\u00c9tablissement Scolaire Priv\u00e9 Daniel\"},\"image\":{\"@id\":\"https:\/\/www.etab-daniel.org\/en\/#\/schema\/logo\/image\/\"},\"sameAs\":[\"https:\/\/www.facebook.com\/ESP.Daniel\/\",\"https:\/\/www.instagram.com\/etablissement_daniel\/\"]}]}<\/script>\n<!-- \/ Yoast SEO plugin. -->","yoast_head_json":{"title":"Middle School","robots":{"index":"index","follow":"follow","max-snippet":"max-snippet:-1","max-image-preview":"max-image-preview:large","max-video-preview":"max-video-preview:-1"},"canonical":"https:\/\/www.etab-daniel.org\/en\/academics\/middleschool\/","og_locale":"en_US","og_type":"article","og_title":"Middle School","og_description":"The middle school is the oldest part of the school ! It offers one class per level from 6th to 9th grade. Main assets High academic standards Low class sizes [&hellip;]","og_url":"https:\/\/www.etab-daniel.org\/en\/academics\/middleschool\/","og_site_name":"\u00c9tablissement Scolaire Priv\u00e9 Daniel","article_publisher":"https:\/\/www.facebook.com\/ESP.Daniel\/","article_modified_time":"2023-07-29T16:41:08+00:00","og_image":[{"width":1200,"height":675,"url":"https:\/\/www.etab-daniel.org\/wp-inside\/uploads\/2023\/03\/esp-daniel.jpg","type":"image\/jpeg"}],"twitter_card":"summary_large_image","schema":{"@context":"https:\/\/schema.org","@graph":[{"@type":"WebPage","@id":"https:\/\/www.etab-daniel.org\/en\/academics\/middleschool\/","url":"https:\/\/www.etab-daniel.org\/en\/academics\/middleschool\/","name":"Middle School","isPartOf":{"@id":"https:\/\/www.etab-daniel.org\/en\/#website"},"datePublished":"2017-09-14T16:46:51+00:00","dateModified":"2023-07-29T16:41:08+00:00","breadcrumb":{"@id":"https:\/\/www.etab-daniel.org\/en\/academics\/middleschool\/#breadcrumb"},"inLanguage":"en-US","potentialAction":[{"@type":"ReadAction","target":["https:\/\/www.etab-daniel.org\/en\/academics\/middleschool\/"]}]},{"@type":"BreadcrumbList","@id":"https:\/\/www.etab-daniel.org\/en\/academics\/middleschool\/#breadcrumb","itemListElement":[{"@type":"ListItem","position":1,"name":"Accueil","item":"https:\/\/www.etab-daniel.org\/en\/"},{"@type":"ListItem","position":2,"name":"Academics","item":"https:\/\/www.etab-daniel.org\/en\/academics\/"},{"@type":"ListItem","position":3,"name":"Middle School"}]},{"@type":"WebSite","@id":"https:\/\/www.etab-daniel.org\/en\/#website","url":"https:\/\/www.etab-daniel.org\/en\/","name":"\u00c9tablissement Scolaire Priv\u00e9 Daniel","description":"\u00c9cole, coll\u00e8ge et lyc\u00e9e priv\u00e9s","publisher":{"@id":"https:\/\/www.etab-daniel.org\/en\/#organization"},"alternateName":"ESP Daniel","potentialAction":[{"@type":"SearchAction","target":{"@type":"EntryPoint","urlTemplate":"https:\/\/www.etab-daniel.org\/en\/?s={search_term_string}"},"query-input":{"@type":"PropertyValueSpecification","valueRequired":true,"valueName":"search_term_string"}}],"inLanguage":"en-US"},{"@type":"Organization","@id":"https:\/\/www.etab-daniel.org\/en\/#organization","name":"\u00c9tablissement Scolaire Priv\u00e9 Daniel","url":"https:\/\/www.etab-daniel.org\/en\/","logo":{"@type":"ImageObject","inLanguage":"en-US","@id":"https:\/\/www.etab-daniel.org\/en\/#\/schema\/logo\/image\/","url":"https:\/\/www.etab-daniel.org\/wp-inside\/uploads\/2017\/12\/logo-etb-daniel.png","contentUrl":"https:\/\/www.etab-daniel.org\/wp-inside\/uploads\/2017\/12\/logo-etb-daniel.png","width":476,"height":120,"caption":"\u00c9tablissement Scolaire Priv\u00e9 Daniel"},"image":{"@id":"https:\/\/www.etab-daniel.org\/en\/#\/schema\/logo\/image\/"},"sameAs":["https:\/\/www.facebook.com\/ESP.Daniel\/","https:\/\/www.instagram.com\/etablissement_daniel\/"]}]}},"_links":{"self":[{"href":"https:\/\/www.etab-daniel.org\/en\/wp-json\/wp\/v2\/pages\/8506","targetHints":{"allow":["GET"]}}],"collection":[{"href":"https:\/\/www.etab-daniel.org\/en\/wp-json\/wp\/v2\/pages"}],"about":[{"href":"https:\/\/www.etab-daniel.org\/en\/wp-json\/wp\/v2\/types\/page"}],"author":[{"embeddable":true,"href":"https:\/\/www.etab-daniel.org\/en\/wp-json\/wp\/v2\/users\/2"}],"replies":[{"embeddable":true,"href":"https:\/\/www.etab-daniel.org\/en\/wp-json\/wp\/v2\/comments?post=8506"}],"version-history":[{"count":2,"href":"https:\/\/www.etab-daniel.org\/en\/wp-json\/wp\/v2\/pages\/8506\/revisions"}],"predecessor-version":[{"id":9534,"href":"https:\/\/www.etab-daniel.org\/en\/wp-json\/wp\/v2\/pages\/8506\/revisions\/9534"}],"up":[{"embeddable":true,"href":"https:\/\/www.etab-daniel.org\/en\/wp-json\/wp\/v2\/pages\/8503"}],"wp:attachment":[{"href":"https:\/\/www.etab-daniel.org\/en\/wp-json\/wp\/v2\/media?parent=8506"}],"curies":[{"name":"wp","href":"https:\/\/api.w.org\/{rel}","templated":true}]}}