{"id":8504,"date":"2017-09-14T18:46:04","date_gmt":"2017-09-14T16:46:04","guid":{"rendered":"https:\/\/www.etab-daniel.org\/etablissement\/maternelle\/"},"modified":"2023-07-29T20:13:18","modified_gmt":"2023-07-29T18:13:18","slug":"kindergarten","status":"publish","type":"page","link":"https:\/\/www.etab-daniel.org\/en\/academics\/kindergarten\/","title":{"rendered":"Kindergarten"},"content":{"rendered":"<h2>A legacy<\/h2>\n<p>Let&#8217;s not forget. The first kindergarten class was established in a Vosges valley, in the small village of Belmont, not far from here. Sarah Banzet was born in 1745. She was a servant to the wife of Pastor Stuber, a pioneer in the field of education. On his initiative, she brought together very young children, teaching them something adapted to their age: new words, observation of plants, a relationship with God through prayer and hymns, stories from the Bible. The children learn by knitting in the only heated room in her house, called &#8220;le po\u00eblle&#8221; in the local language. Those children who can afford it bring a log. Sara Banzet&#8217;s &#8220;po\u00eblle \u00e0 tricoter&#8221; is thus the first nursery school. Her initiative was subsequently approved and supported by Pastor Stuber, and later by his successor, Pastor Jean-Fr\u00e9d\u00e9ric Oberlin.<\/p>\n<p>It&#8217;s on this legacy that we stand: the transmission of faith, the relationship with God, the knowledge of His Word are integrated into learning, play and life in the kindergarten classroom.<\/p>\n<p>We welcome kindergarten children in small, medium and large sections in a single class of 10 to 15 pupils, supervised by a teacher and a kindergarten assistant.<\/p>\n<p>For further information, please do not hesitate to contact us!<\/p>\n","protected":false},"excerpt":{"rendered":"<p>A legacy Let&#8217;s not forget. The first kindergarten class was established in a Vosges valley, in the small village of Belmont, not far from here. Sarah Banzet was born in [&hellip;]<\/p>\n","protected":false},"author":2,"featured_media":0,"parent":8503,"menu_order":5,"comment_status":"closed","ping_status":"closed","template":"","meta":{"_acf_changed":false,"footnotes":""},"class_list":["post-8504","page","type-page","status-publish","hentry","wp-sticky"],"acf":[],"yoast_head":"<!-- This site is optimized with the Yoast SEO plugin v26.9 - https:\/\/yoast.com\/product\/yoast-seo-wordpress\/ -->\n<title>Kindergarten<\/title>\n<meta name=\"robots\" content=\"index, follow, max-snippet:-1, max-image-preview:large, max-video-preview:-1\" \/>\n<link rel=\"canonical\" href=\"https:\/\/www.etab-daniel.org\/en\/academics\/kindergarten\/\" \/>\n<meta property=\"og:locale\" content=\"en_US\" \/>\n<meta property=\"og:type\" content=\"article\" \/>\n<meta property=\"og:title\" content=\"Kindergarten\" \/>\n<meta property=\"og:description\" content=\"A legacy Let&#8217;s not forget. The first kindergarten class was established in a Vosges valley, in the small village of Belmont, not far from here. Sarah Banzet was born in [&hellip;]\" \/>\n<meta property=\"og:url\" content=\"https:\/\/www.etab-daniel.org\/en\/academics\/kindergarten\/\" \/>\n<meta property=\"og:site_name\" content=\"\u00c9tablissement Scolaire Priv\u00e9 Daniel\" \/>\n<meta property=\"article:publisher\" content=\"https:\/\/www.facebook.com\/ESP.Daniel\/\" \/>\n<meta property=\"article:modified_time\" content=\"2023-07-29T18:13:18+00:00\" \/>\n<meta property=\"og:image\" content=\"https:\/\/www.etab-daniel.org\/wp-inside\/uploads\/2023\/03\/esp-daniel.jpg\" \/>\n\t<meta property=\"og:image:width\" content=\"1200\" \/>\n\t<meta property=\"og:image:height\" content=\"675\" \/>\n\t<meta property=\"og:image:type\" content=\"image\/jpeg\" \/>\n<meta name=\"twitter:card\" content=\"summary_large_image\" \/>\n<meta name=\"twitter:label1\" content=\"Est. reading time\" \/>\n\t<meta name=\"twitter:data1\" content=\"1 minute\" \/>\n<script type=\"application\/ld+json\" class=\"yoast-schema-graph\">{\"@context\":\"https:\/\/schema.org\",\"@graph\":[{\"@type\":\"WebPage\",\"@id\":\"https:\/\/www.etab-daniel.org\/en\/academics\/kindergarten\/\",\"url\":\"https:\/\/www.etab-daniel.org\/en\/academics\/kindergarten\/\",\"name\":\"Kindergarten\",\"isPartOf\":{\"@id\":\"https:\/\/www.etab-daniel.org\/en\/#website\"},\"datePublished\":\"2017-09-14T16:46:04+00:00\",\"dateModified\":\"2023-07-29T18:13:18+00:00\",\"breadcrumb\":{\"@id\":\"https:\/\/www.etab-daniel.org\/en\/academics\/kindergarten\/#breadcrumb\"},\"inLanguage\":\"en-US\",\"potentialAction\":[{\"@type\":\"ReadAction\",\"target\":[\"https:\/\/www.etab-daniel.org\/en\/academics\/kindergarten\/\"]}]},{\"@type\":\"BreadcrumbList\",\"@id\":\"https:\/\/www.etab-daniel.org\/en\/academics\/kindergarten\/#breadcrumb\",\"itemListElement\":[{\"@type\":\"ListItem\",\"position\":1,\"name\":\"Accueil\",\"item\":\"https:\/\/www.etab-daniel.org\/en\/\"},{\"@type\":\"ListItem\",\"position\":2,\"name\":\"Academics\",\"item\":\"https:\/\/www.etab-daniel.org\/en\/academics\/\"},{\"@type\":\"ListItem\",\"position\":3,\"name\":\"Kindergarten\"}]},{\"@type\":\"WebSite\",\"@id\":\"https:\/\/www.etab-daniel.org\/en\/#website\",\"url\":\"https:\/\/www.etab-daniel.org\/en\/\",\"name\":\"\u00c9tablissement Scolaire Priv\u00e9 Daniel\",\"description\":\"\u00c9cole, coll\u00e8ge et lyc\u00e9e priv\u00e9s\",\"publisher\":{\"@id\":\"https:\/\/www.etab-daniel.org\/en\/#organization\"},\"alternateName\":\"ESP Daniel\",\"potentialAction\":[{\"@type\":\"SearchAction\",\"target\":{\"@type\":\"EntryPoint\",\"urlTemplate\":\"https:\/\/www.etab-daniel.org\/en\/?s={search_term_string}\"},\"query-input\":{\"@type\":\"PropertyValueSpecification\",\"valueRequired\":true,\"valueName\":\"search_term_string\"}}],\"inLanguage\":\"en-US\"},{\"@type\":\"Organization\",\"@id\":\"https:\/\/www.etab-daniel.org\/en\/#organization\",\"name\":\"\u00c9tablissement Scolaire Priv\u00e9 Daniel\",\"url\":\"https:\/\/www.etab-daniel.org\/en\/\",\"logo\":{\"@type\":\"ImageObject\",\"inLanguage\":\"en-US\",\"@id\":\"https:\/\/www.etab-daniel.org\/en\/#\/schema\/logo\/image\/\",\"url\":\"https:\/\/www.etab-daniel.org\/wp-inside\/uploads\/2017\/12\/logo-etb-daniel.png\",\"contentUrl\":\"https:\/\/www.etab-daniel.org\/wp-inside\/uploads\/2017\/12\/logo-etb-daniel.png\",\"width\":476,\"height\":120,\"caption\":\"\u00c9tablissement Scolaire Priv\u00e9 Daniel\"},\"image\":{\"@id\":\"https:\/\/www.etab-daniel.org\/en\/#\/schema\/logo\/image\/\"},\"sameAs\":[\"https:\/\/www.facebook.com\/ESP.Daniel\/\",\"https:\/\/www.instagram.com\/etablissement_daniel\/\"]}]}<\/script>\n<!-- \/ Yoast SEO plugin. -->","yoast_head_json":{"title":"Kindergarten","robots":{"index":"index","follow":"follow","max-snippet":"max-snippet:-1","max-image-preview":"max-image-preview:large","max-video-preview":"max-video-preview:-1"},"canonical":"https:\/\/www.etab-daniel.org\/en\/academics\/kindergarten\/","og_locale":"en_US","og_type":"article","og_title":"Kindergarten","og_description":"A legacy Let&#8217;s not forget. The first kindergarten class was established in a Vosges valley, in the small village of Belmont, not far from here. Sarah Banzet was born in [&hellip;]","og_url":"https:\/\/www.etab-daniel.org\/en\/academics\/kindergarten\/","og_site_name":"\u00c9tablissement Scolaire Priv\u00e9 Daniel","article_publisher":"https:\/\/www.facebook.com\/ESP.Daniel\/","article_modified_time":"2023-07-29T18:13:18+00:00","og_image":[{"width":1200,"height":675,"url":"https:\/\/www.etab-daniel.org\/wp-inside\/uploads\/2023\/03\/esp-daniel.jpg","type":"image\/jpeg"}],"twitter_card":"summary_large_image","twitter_misc":{"Est. reading time":"1 minute"},"schema":{"@context":"https:\/\/schema.org","@graph":[{"@type":"WebPage","@id":"https:\/\/www.etab-daniel.org\/en\/academics\/kindergarten\/","url":"https:\/\/www.etab-daniel.org\/en\/academics\/kindergarten\/","name":"Kindergarten","isPartOf":{"@id":"https:\/\/www.etab-daniel.org\/en\/#website"},"datePublished":"2017-09-14T16:46:04+00:00","dateModified":"2023-07-29T18:13:18+00:00","breadcrumb":{"@id":"https:\/\/www.etab-daniel.org\/en\/academics\/kindergarten\/#breadcrumb"},"inLanguage":"en-US","potentialAction":[{"@type":"ReadAction","target":["https:\/\/www.etab-daniel.org\/en\/academics\/kindergarten\/"]}]},{"@type":"BreadcrumbList","@id":"https:\/\/www.etab-daniel.org\/en\/academics\/kindergarten\/#breadcrumb","itemListElement":[{"@type":"ListItem","position":1,"name":"Accueil","item":"https:\/\/www.etab-daniel.org\/en\/"},{"@type":"ListItem","position":2,"name":"Academics","item":"https:\/\/www.etab-daniel.org\/en\/academics\/"},{"@type":"ListItem","position":3,"name":"Kindergarten"}]},{"@type":"WebSite","@id":"https:\/\/www.etab-daniel.org\/en\/#website","url":"https:\/\/www.etab-daniel.org\/en\/","name":"\u00c9tablissement Scolaire Priv\u00e9 Daniel","description":"\u00c9cole, coll\u00e8ge et lyc\u00e9e priv\u00e9s","publisher":{"@id":"https:\/\/www.etab-daniel.org\/en\/#organization"},"alternateName":"ESP Daniel","potentialAction":[{"@type":"SearchAction","target":{"@type":"EntryPoint","urlTemplate":"https:\/\/www.etab-daniel.org\/en\/?s={search_term_string}"},"query-input":{"@type":"PropertyValueSpecification","valueRequired":true,"valueName":"search_term_string"}}],"inLanguage":"en-US"},{"@type":"Organization","@id":"https:\/\/www.etab-daniel.org\/en\/#organization","name":"\u00c9tablissement Scolaire Priv\u00e9 Daniel","url":"https:\/\/www.etab-daniel.org\/en\/","logo":{"@type":"ImageObject","inLanguage":"en-US","@id":"https:\/\/www.etab-daniel.org\/en\/#\/schema\/logo\/image\/","url":"https:\/\/www.etab-daniel.org\/wp-inside\/uploads\/2017\/12\/logo-etb-daniel.png","contentUrl":"https:\/\/www.etab-daniel.org\/wp-inside\/uploads\/2017\/12\/logo-etb-daniel.png","width":476,"height":120,"caption":"\u00c9tablissement Scolaire Priv\u00e9 Daniel"},"image":{"@id":"https:\/\/www.etab-daniel.org\/en\/#\/schema\/logo\/image\/"},"sameAs":["https:\/\/www.facebook.com\/ESP.Daniel\/","https:\/\/www.instagram.com\/etablissement_daniel\/"]}]}},"_links":{"self":[{"href":"https:\/\/www.etab-daniel.org\/en\/wp-json\/wp\/v2\/pages\/8504","targetHints":{"allow":["GET"]}}],"collection":[{"href":"https:\/\/www.etab-daniel.org\/en\/wp-json\/wp\/v2\/pages"}],"about":[{"href":"https:\/\/www.etab-daniel.org\/en\/wp-json\/wp\/v2\/types\/page"}],"author":[{"embeddable":true,"href":"https:\/\/www.etab-daniel.org\/en\/wp-json\/wp\/v2\/users\/2"}],"replies":[{"embeddable":true,"href":"https:\/\/www.etab-daniel.org\/en\/wp-json\/wp\/v2\/comments?post=8504"}],"version-history":[{"count":3,"href":"https:\/\/www.etab-daniel.org\/en\/wp-json\/wp\/v2\/pages\/8504\/revisions"}],"predecessor-version":[{"id":9539,"href":"https:\/\/www.etab-daniel.org\/en\/wp-json\/wp\/v2\/pages\/8504\/revisions\/9539"}],"up":[{"embeddable":true,"href":"https:\/\/www.etab-daniel.org\/en\/wp-json\/wp\/v2\/pages\/8503"}],"wp:attachment":[{"href":"https:\/\/www.etab-daniel.org\/en\/wp-json\/wp\/v2\/media?parent=8504"}],"curies":[{"name":"wp","href":"https:\/\/api.w.org\/{rel}","templated":true}]}}