{"id":8500,"date":"2017-09-14T18:41:46","date_gmt":"2017-09-14T16:41:46","guid":{"rendered":"https:\/\/www.etab-daniel.org\/presentation\/projet-educatif\/"},"modified":"2023-07-29T16:06:55","modified_gmt":"2023-07-29T14:06:55","slug":"projet-educatif","status":"publish","type":"page","link":"https:\/\/www.etab-daniel.org\/en\/presentation\/projet-educatif\/","title":{"rendered":"Our Philosophy"},"content":{"rendered":"<p>The educational philosophy of the Daniel Christian School is based on the Bible, from which it draws its orientation, logic and coherence. Consequently, we consider the following to be of paramount importance:<\/p>\n<ul>\n<li>Student\u2019s intellectual, academic and social maturity<\/li>\n<li>as well as student\u2019s spiritual growth<\/li>\n<\/ul>\n<h3>1. <strong>Identity formation<\/strong><\/h3>\n<p>To achieve this, the school seeks to :<\/p>\n<ul>\n<li>participate in the restoration and development of the three areas of personality (body, soul, spirit)<\/li>\n<li>transmit the character of Christ<\/li>\n<li>enhance the child&#8217;s own qualities (faith, humility, spontaneity\u2026)<\/li>\n<li>help each child to know and appreciate himself\/herself<\/li>\n<\/ul>\n<p>To this end, we use the following means :<\/p>\n<ul>\n<li>sharing, praying with the teacher, studying the Bible, developing listening skills<\/li>\n<li>teaching in the physical, intellectual, artistic and manual fields<\/li>\n<li>encouraging pedagogy\/approach<\/li>\n<li>teamwork among teachers<\/li>\n<\/ul>\n<h3>2. <strong>Intellectual training<\/strong><\/h3>\n<p>To achieve this, the school seeks to :<\/p>\n<ul>\n<li>transmit academic knowledge (know-how)<\/li>\n<li>seek the knowledge of God through all activities<\/li>\n<li>encourage each student to develop his or her intellectual potential to the full<\/li>\n<li>prepare students for successful integration into society<\/li>\n<\/ul>\n<p>To this end, we use the following means:<\/p>\n<ul>\n<li>following the official curriculum in the light of the Word of God<\/li>\n<li>preparing students for exams<\/li>\n<li>developing critical thinking<\/li>\n<li>acquiring working methods<\/li>\n<li>teaching methods adapted to needs (support, in-depth study, etc.)<\/li>\n<\/ul>\n<h3>3. <strong>Relational and social training<\/strong><\/h3>\n<p>To achieve this, the school seeks to :<\/p>\n<ul>\n<li>develop the respect for God, self, authority, others and creation<\/li>\n<li>encourage a spirit of service and responsibility<\/li>\n<li>develop a sense of belonging to a group (family, class, school, body of Christ, nation)<\/li>\n<\/ul>\n<p>To this end, we use the following means:<\/p>\n<ul>\n<li>rules based on respect and love of neighbour<\/li>\n<li>outside contributors (pastors, missionaries, parents&#8230;)<\/li>\n<li>class outings, trips, exchanges&#8230;<\/li>\n<li>learning about solidarity and sharing<\/li>\n<li>civic, moral and biblical instruction<\/li>\n<\/ul>\n","protected":false},"excerpt":{"rendered":"<p>The educational philosophy of the Daniel Christian School is based on the Bible, from which it draws its orientation, logic and coherence. Consequently, we consider the following to be of [&hellip;]<\/p>\n","protected":false},"author":2,"featured_media":0,"parent":8496,"menu_order":25,"comment_status":"closed","ping_status":"closed","template":"","meta":{"_acf_changed":false,"footnotes":""},"class_list":["post-8500","page","type-page","status-publish","hentry","wp-sticky"],"acf":[],"yoast_head":"<!-- This site is optimized with the Yoast SEO plugin v26.9 - https:\/\/yoast.com\/product\/yoast-seo-wordpress\/ -->\n<title>Our Philosophy<\/title>\n<meta name=\"robots\" content=\"index, follow, max-snippet:-1, max-image-preview:large, max-video-preview:-1\" \/>\n<link rel=\"canonical\" href=\"https:\/\/www.etab-daniel.org\/en\/presentation\/projet-educatif\/\" \/>\n<meta property=\"og:locale\" content=\"en_US\" \/>\n<meta property=\"og:type\" content=\"article\" \/>\n<meta property=\"og:title\" content=\"Our Philosophy\" \/>\n<meta property=\"og:description\" content=\"The educational philosophy of the Daniel Christian School is based on the Bible, from which it draws its orientation, logic and coherence. Consequently, we consider the following to be of [&hellip;]\" \/>\n<meta property=\"og:url\" content=\"https:\/\/www.etab-daniel.org\/en\/presentation\/projet-educatif\/\" \/>\n<meta property=\"og:site_name\" content=\"\u00c9tablissement Scolaire Priv\u00e9 Daniel\" \/>\n<meta property=\"article:publisher\" content=\"https:\/\/www.facebook.com\/ESP.Daniel\/\" \/>\n<meta property=\"article:modified_time\" content=\"2023-07-29T14:06:55+00:00\" \/>\n<meta property=\"og:image\" content=\"https:\/\/www.etab-daniel.org\/wp-inside\/uploads\/2023\/03\/esp-daniel.jpg\" \/>\n\t<meta property=\"og:image:width\" content=\"1200\" \/>\n\t<meta property=\"og:image:height\" content=\"675\" \/>\n\t<meta property=\"og:image:type\" content=\"image\/jpeg\" \/>\n<meta name=\"twitter:card\" content=\"summary_large_image\" \/>\n<meta name=\"twitter:label1\" content=\"Est. reading time\" \/>\n\t<meta name=\"twitter:data1\" content=\"1 minute\" \/>\n<script type=\"application\/ld+json\" class=\"yoast-schema-graph\">{\"@context\":\"https:\/\/schema.org\",\"@graph\":[{\"@type\":\"WebPage\",\"@id\":\"https:\/\/www.etab-daniel.org\/en\/presentation\/projet-educatif\/\",\"url\":\"https:\/\/www.etab-daniel.org\/en\/presentation\/projet-educatif\/\",\"name\":\"Our Philosophy\",\"isPartOf\":{\"@id\":\"https:\/\/www.etab-daniel.org\/en\/#website\"},\"datePublished\":\"2017-09-14T16:41:46+00:00\",\"dateModified\":\"2023-07-29T14:06:55+00:00\",\"breadcrumb\":{\"@id\":\"https:\/\/www.etab-daniel.org\/en\/presentation\/projet-educatif\/#breadcrumb\"},\"inLanguage\":\"en-US\",\"potentialAction\":[{\"@type\":\"ReadAction\",\"target\":[\"https:\/\/www.etab-daniel.org\/en\/presentation\/projet-educatif\/\"]}]},{\"@type\":\"BreadcrumbList\",\"@id\":\"https:\/\/www.etab-daniel.org\/en\/presentation\/projet-educatif\/#breadcrumb\",\"itemListElement\":[{\"@type\":\"ListItem\",\"position\":1,\"name\":\"Accueil\",\"item\":\"https:\/\/www.etab-daniel.org\/en\/\"},{\"@type\":\"ListItem\",\"position\":2,\"name\":\"About Us\",\"item\":\"https:\/\/www.etab-daniel.org\/en\/presentation\/\"},{\"@type\":\"ListItem\",\"position\":3,\"name\":\"Our Philosophy\"}]},{\"@type\":\"WebSite\",\"@id\":\"https:\/\/www.etab-daniel.org\/en\/#website\",\"url\":\"https:\/\/www.etab-daniel.org\/en\/\",\"name\":\"\u00c9tablissement Scolaire Priv\u00e9 Daniel\",\"description\":\"\u00c9cole, coll\u00e8ge et lyc\u00e9e priv\u00e9s\",\"publisher\":{\"@id\":\"https:\/\/www.etab-daniel.org\/en\/#organization\"},\"alternateName\":\"ESP Daniel\",\"potentialAction\":[{\"@type\":\"SearchAction\",\"target\":{\"@type\":\"EntryPoint\",\"urlTemplate\":\"https:\/\/www.etab-daniel.org\/en\/?s={search_term_string}\"},\"query-input\":{\"@type\":\"PropertyValueSpecification\",\"valueRequired\":true,\"valueName\":\"search_term_string\"}}],\"inLanguage\":\"en-US\"},{\"@type\":\"Organization\",\"@id\":\"https:\/\/www.etab-daniel.org\/en\/#organization\",\"name\":\"\u00c9tablissement Scolaire Priv\u00e9 Daniel\",\"url\":\"https:\/\/www.etab-daniel.org\/en\/\",\"logo\":{\"@type\":\"ImageObject\",\"inLanguage\":\"en-US\",\"@id\":\"https:\/\/www.etab-daniel.org\/en\/#\/schema\/logo\/image\/\",\"url\":\"https:\/\/www.etab-daniel.org\/wp-inside\/uploads\/2017\/12\/logo-etb-daniel.png\",\"contentUrl\":\"https:\/\/www.etab-daniel.org\/wp-inside\/uploads\/2017\/12\/logo-etb-daniel.png\",\"width\":476,\"height\":120,\"caption\":\"\u00c9tablissement Scolaire Priv\u00e9 Daniel\"},\"image\":{\"@id\":\"https:\/\/www.etab-daniel.org\/en\/#\/schema\/logo\/image\/\"},\"sameAs\":[\"https:\/\/www.facebook.com\/ESP.Daniel\/\",\"https:\/\/www.instagram.com\/etablissement_daniel\/\"]}]}<\/script>\n<!-- \/ Yoast SEO plugin. -->","yoast_head_json":{"title":"Our Philosophy","robots":{"index":"index","follow":"follow","max-snippet":"max-snippet:-1","max-image-preview":"max-image-preview:large","max-video-preview":"max-video-preview:-1"},"canonical":"https:\/\/www.etab-daniel.org\/en\/presentation\/projet-educatif\/","og_locale":"en_US","og_type":"article","og_title":"Our Philosophy","og_description":"The educational philosophy of the Daniel Christian School is based on the Bible, from which it draws its orientation, logic and coherence. Consequently, we consider the following to be of [&hellip;]","og_url":"https:\/\/www.etab-daniel.org\/en\/presentation\/projet-educatif\/","og_site_name":"\u00c9tablissement Scolaire Priv\u00e9 Daniel","article_publisher":"https:\/\/www.facebook.com\/ESP.Daniel\/","article_modified_time":"2023-07-29T14:06:55+00:00","og_image":[{"width":1200,"height":675,"url":"https:\/\/www.etab-daniel.org\/wp-inside\/uploads\/2023\/03\/esp-daniel.jpg","type":"image\/jpeg"}],"twitter_card":"summary_large_image","twitter_misc":{"Est. reading time":"1 minute"},"schema":{"@context":"https:\/\/schema.org","@graph":[{"@type":"WebPage","@id":"https:\/\/www.etab-daniel.org\/en\/presentation\/projet-educatif\/","url":"https:\/\/www.etab-daniel.org\/en\/presentation\/projet-educatif\/","name":"Our Philosophy","isPartOf":{"@id":"https:\/\/www.etab-daniel.org\/en\/#website"},"datePublished":"2017-09-14T16:41:46+00:00","dateModified":"2023-07-29T14:06:55+00:00","breadcrumb":{"@id":"https:\/\/www.etab-daniel.org\/en\/presentation\/projet-educatif\/#breadcrumb"},"inLanguage":"en-US","potentialAction":[{"@type":"ReadAction","target":["https:\/\/www.etab-daniel.org\/en\/presentation\/projet-educatif\/"]}]},{"@type":"BreadcrumbList","@id":"https:\/\/www.etab-daniel.org\/en\/presentation\/projet-educatif\/#breadcrumb","itemListElement":[{"@type":"ListItem","position":1,"name":"Accueil","item":"https:\/\/www.etab-daniel.org\/en\/"},{"@type":"ListItem","position":2,"name":"About Us","item":"https:\/\/www.etab-daniel.org\/en\/presentation\/"},{"@type":"ListItem","position":3,"name":"Our Philosophy"}]},{"@type":"WebSite","@id":"https:\/\/www.etab-daniel.org\/en\/#website","url":"https:\/\/www.etab-daniel.org\/en\/","name":"\u00c9tablissement Scolaire Priv\u00e9 Daniel","description":"\u00c9cole, coll\u00e8ge et lyc\u00e9e priv\u00e9s","publisher":{"@id":"https:\/\/www.etab-daniel.org\/en\/#organization"},"alternateName":"ESP Daniel","potentialAction":[{"@type":"SearchAction","target":{"@type":"EntryPoint","urlTemplate":"https:\/\/www.etab-daniel.org\/en\/?s={search_term_string}"},"query-input":{"@type":"PropertyValueSpecification","valueRequired":true,"valueName":"search_term_string"}}],"inLanguage":"en-US"},{"@type":"Organization","@id":"https:\/\/www.etab-daniel.org\/en\/#organization","name":"\u00c9tablissement Scolaire Priv\u00e9 Daniel","url":"https:\/\/www.etab-daniel.org\/en\/","logo":{"@type":"ImageObject","inLanguage":"en-US","@id":"https:\/\/www.etab-daniel.org\/en\/#\/schema\/logo\/image\/","url":"https:\/\/www.etab-daniel.org\/wp-inside\/uploads\/2017\/12\/logo-etb-daniel.png","contentUrl":"https:\/\/www.etab-daniel.org\/wp-inside\/uploads\/2017\/12\/logo-etb-daniel.png","width":476,"height":120,"caption":"\u00c9tablissement Scolaire Priv\u00e9 Daniel"},"image":{"@id":"https:\/\/www.etab-daniel.org\/en\/#\/schema\/logo\/image\/"},"sameAs":["https:\/\/www.facebook.com\/ESP.Daniel\/","https:\/\/www.instagram.com\/etablissement_daniel\/"]}]}},"_links":{"self":[{"href":"https:\/\/www.etab-daniel.org\/en\/wp-json\/wp\/v2\/pages\/8500","targetHints":{"allow":["GET"]}}],"collection":[{"href":"https:\/\/www.etab-daniel.org\/en\/wp-json\/wp\/v2\/pages"}],"about":[{"href":"https:\/\/www.etab-daniel.org\/en\/wp-json\/wp\/v2\/types\/page"}],"author":[{"embeddable":true,"href":"https:\/\/www.etab-daniel.org\/en\/wp-json\/wp\/v2\/users\/2"}],"replies":[{"embeddable":true,"href":"https:\/\/www.etab-daniel.org\/en\/wp-json\/wp\/v2\/comments?post=8500"}],"version-history":[{"count":5,"href":"https:\/\/www.etab-daniel.org\/en\/wp-json\/wp\/v2\/pages\/8500\/revisions"}],"predecessor-version":[{"id":9510,"href":"https:\/\/www.etab-daniel.org\/en\/wp-json\/wp\/v2\/pages\/8500\/revisions\/9510"}],"up":[{"embeddable":true,"href":"https:\/\/www.etab-daniel.org\/en\/wp-json\/wp\/v2\/pages\/8496"}],"wp:attachment":[{"href":"https:\/\/www.etab-daniel.org\/en\/wp-json\/wp\/v2\/media?parent=8500"}],"curies":[{"name":"wp","href":"https:\/\/api.w.org\/{rel}","templated":true}]}}